{"id":5602,"date":"2025-05-19T07:28:54","date_gmt":"2025-05-19T07:28:54","guid":{"rendered":"https:\/\/www.green-ivf.de\/klinik\/yayinlar\/"},"modified":"2025-09-13T15:46:03","modified_gmt":"2025-09-13T15:46:03","slug":"yayinlar","status":"publish","type":"page","link":"https:\/\/www.green-ivf.de\/tr\/klinik\/yayinlar\/","title":{"rendered":"Yay\u0131nlar"},"content":{"rendered":"\t\t<div data-elementor-type=\"wp-page\" data-elementor-id=\"5602\" class=\"elementor elementor-5602 elementor-3902\" data-elementor-settings=\"{&quot;ha_cmc_init_switcher&quot;:&quot;no&quot;}\" data-elementor-post-type=\"page\">\n\t\t\t\t<div class=\"elementor-element elementor-element-e9ac3de e-flex e-con-boxed e-con e-parent\" data-id=\"e9ac3de\" data-element_type=\"container\" data-e-type=\"container\" data-settings=\"{&quot;background_background&quot;:&quot;classic&quot;,&quot;shape_divider_bottom&quot;:&quot;multi-wave&quot;,&quot;_ha_eqh_enable&quot;:false}\">\n\t\t\t\t\t<div class=\"e-con-inner\">\n\t\t\t\t<div class=\"elementor-shape elementor-shape-bottom\" aria-hidden=\"true\" data-negative=\"false\">\n\t\t\t<svg xmlns=\"http:\/\/www.w3.org\/2000\/svg\" viewBox=\"0 0 4080 400\" preserveAspectRatio=\"none\">\n<path class=\"elementor-shape-fill ha-shape-divider\" opacity=\"0.2\" enable-background=\"new    \" d=\"M4080,79.3V0L1179.4,0v79.3c0,0,694.9,437.4,1471.3,275.6\n\tS3575.7-152.5,4080,79.3z\"\/>\n<path class=\"elementor-shape-fill ha-shape-divider\" opacity=\"0.2\" enable-background=\"new    \" d=\"M2249,79.3V0L0,0l0,79.3c0,0,43.3,437.4,819.8,275.6S1744.7-152.5,2249,79.3z\"\/>\n<path class=\"elementor-shape-fill ha-shape-divider\" opacity=\"0.2\" enable-background=\"new    \" d=\"M2631.6,49.8c0,0-596.3,547.3-1468.8,230.2S0,95.6,0,95.6L0,0l2631.6,0V49.8z\"\/>\n<path class=\"elementor-shape-fill ha-shape-divider\" opacity=\"0.2\" enable-background=\"new    \" d=\"M4080,95.6c0,0-428.4,501.5-1208.9,184.4S1831,95.6,1831,95.6V0l2249,0V95.6z\"\/>\n<path class=\"elementor-shape-fill ha-shape-divider\" d=\"M4080,0v192.6c-392.4,177-703.2,95.6-1075-34.1c-214.6-74.8-508-126-839.1,6.1c-149.2,59.5-447.2,203.4-1026.2,10.8\n\tC313.2-99.5,0,95.6,0,95.6L0,0l2249,0L4080,0z\"\/>\n<\/svg>\n\t\t<\/div>\n\t\t<div class=\"elementor-element elementor-element-90df940 e-con-full e-flex e-con e-child\" data-id=\"90df940\" data-element_type=\"container\" data-e-type=\"container\" data-settings=\"{&quot;background_background&quot;:&quot;classic&quot;,&quot;_ha_eqh_enable&quot;:false}\">\n\t\t\t\t<div class=\"elementor-element elementor-element-e639613 elementor-widget elementor-widget-heading\" data-id=\"e639613\" data-element_type=\"widget\" data-e-type=\"widget\" data-widget_type=\"heading.default\">\n\t\t\t\t<div class=\"elementor-widget-container\">\n\t\t\t\t\t<h1 class=\"elementor-heading-title elementor-size-default\">G\u00fcncel Yay\u0131nlar<\/h1>\t\t\t\t<\/div>\n\t\t\t\t<\/div>\n\t\t\t\t<\/div>\n\t\t\t\t\t<\/div>\n\t\t\t\t<\/div>\n\t\t<div class=\"elementor-element elementor-element-8443dea e-flex e-con-boxed e-con e-parent\" data-id=\"8443dea\" data-element_type=\"container\" data-e-type=\"container\" data-settings=\"{&quot;_ha_eqh_enable&quot;:false}\">\n\t\t\t\t\t<div class=\"e-con-inner\">\n\t\t\t\t<div class=\"elementor-element elementor-element-6c399e4 elementor-align-right elementor-mobile-align-left elementor-widget elementor-widget-breadcrumbs\" data-id=\"6c399e4\" data-element_type=\"widget\" data-e-type=\"widget\" data-widget_type=\"breadcrumbs.default\">\n\t\t\t\t<div class=\"elementor-widget-container\">\n\t\t\t\t\t<p id=\"breadcrumbs\"><span><span><a href=\"https:\/\/www.green-ivf.de\/tr\/ana-sayfa\/\">Startseite<\/a><\/span><\/span><\/p>\t\t\t\t<\/div>\n\t\t\t\t<\/div>\n\t\t\t\t\t<\/div>\n\t\t\t\t<\/div>\n\t\t<div class=\"elementor-element elementor-element-6440e4a e-flex e-con-boxed e-con e-parent\" data-id=\"6440e4a\" data-element_type=\"container\" data-e-type=\"container\" data-settings=\"{&quot;_ha_eqh_enable&quot;:false}\">\n\t\t\t\t\t<div class=\"e-con-inner\">\n\t\t\t\t\t<\/div>\n\t\t\t\t<\/div>\n\t\t\t\t<\/div>\n\t\t","protected":false},"excerpt":{"rendered":"<p>G\u00fcncel Yay\u0131nlar<\/p>\n","protected":false},"author":1,"featured_media":5603,"parent":5424,"menu_order":1,"comment_status":"closed","ping_status":"closed","template":"elementor_header_footer","meta":{"site-sidebar-layout":"no-sidebar","site-content-layout":"","ast-site-content-layout":"full-width-container","site-content-style":"boxed","site-sidebar-style":"default","ast-global-header-display":"","ast-banner-title-visibility":"","ast-main-header-display":"","ast-hfb-above-header-display":"","ast-hfb-below-header-display":"","ast-hfb-mobile-header-display":"","site-post-title":"disabled","ast-breadcrumbs-content":"","ast-featured-img":"disabled","footer-sml-layout":"","ast-disable-related-posts":"","theme-transparent-header-meta":"","adv-header-id-meta":"","stick-header-meta":"","header-above-stick-meta":"","header-main-stick-meta":"","header-below-stick-meta":"","astra-migrate-meta-layouts":"default","ast-page-background-enabled":"default","ast-page-background-meta":{"desktop":{"background-color":"var(--ast-global-color-4)","background-image":"","background-repeat":"repeat","background-position":"center center","background-size":"auto","background-attachment":"scroll","background-type":"","background-media":"","overlay-type":"","overlay-color":"","overlay-opacity":"","overlay-gradient":""},"tablet":{"background-color":"","background-image":"","background-repeat":"repeat","background-position":"center center","background-size":"auto","background-attachment":"scroll","background-type":"","background-media":"","overlay-type":"","overlay-color":"","overlay-opacity":"","overlay-gradient":""},"mobile":{"background-color":"","background-image":"","background-repeat":"repeat","background-position":"center center","background-size":"auto","background-attachment":"scroll","background-type":"","background-media":"","overlay-type":"","overlay-color":"","overlay-opacity":"","overlay-gradient":""}},"ast-content-background-meta":{"desktop":{"background-color":"var(--ast-global-color-5)","background-image":"","background-repeat":"repeat","background-position":"center center","background-size":"auto","background-attachment":"scroll","background-type":"","background-media":"","overlay-type":"","overlay-color":"","overlay-opacity":"","overlay-gradient":""},"tablet":{"background-color":"var(--ast-global-color-5)","background-image":"","background-repeat":"repeat","background-position":"center center","background-size":"auto","background-attachment":"scroll","background-type":"","background-media":"","overlay-type":"","overlay-color":"","overlay-opacity":"","overlay-gradient":""},"mobile":{"background-color":"var(--ast-global-color-5)","background-image":"","background-repeat":"repeat","background-position":"center center","background-size":"auto","background-attachment":"scroll","background-type":"","background-media":"","overlay-type":"","overlay-color":"","overlay-opacity":"","overlay-gradient":""}},"iawp_total_views":0,"footnotes":""},"class_list":["post-5602","page","type-page","status-publish","has-post-thumbnail","hentry"],"yoast_head":"<!-- This site is optimized with the Yoast SEO plugin v27.3 - https:\/\/yoast.com\/product\/yoast-seo-wordpress\/ -->\n<title>Yay\u0131nlar | green-ivf | Kinderwunsch-Zentrum in NRW<\/title>\n<meta name=\"description\" content=\"\u00c7ocuk sahibi olma iste\u011fi, \u00fcreme t\u0131bb\u0131 ve en son ara\u015ft\u0131rma sonu\u00e7lar\u0131 hakk\u0131ndaki g\u00fcncel yay\u0131nlar\u0131m\u0131z hakk\u0131nda daha fazla bilgi edinin.\" \/>\n<meta name=\"robots\" content=\"index, follow, max-snippet:-1, max-image-preview:large, max-video-preview:-1\" \/>\n<link rel=\"canonical\" href=\"https:\/\/www.green-ivf.de\/tr\/klinik\/yayinlar\/\" \/>\n<meta property=\"og:locale\" content=\"tr_TR\" \/>\n<meta property=\"og:type\" content=\"article\" \/>\n<meta property=\"og:title\" content=\"Yay\u0131nlar | green-ivf | Kinderwunsch-Zentrum in NRW\" \/>\n<meta property=\"og:description\" content=\"\u00c7ocuk sahibi olma iste\u011fi, \u00fcreme t\u0131bb\u0131 ve en son ara\u015ft\u0131rma sonu\u00e7lar\u0131 hakk\u0131ndaki g\u00fcncel yay\u0131nlar\u0131m\u0131z hakk\u0131nda daha fazla bilgi edinin.\" \/>\n<meta property=\"og:url\" content=\"https:\/\/www.green-ivf.de\/tr\/klinik\/yayinlar\/\" \/>\n<meta property=\"og:site_name\" content=\"green-ivf | Kinderwunsch-Zentrum in NRW\" \/>\n<meta property=\"article:modified_time\" content=\"2025-09-13T15:46:03+00:00\" \/>\n<meta property=\"og:image\" content=\"https:\/\/www.green-ivf.de\/wp-content\/uploads\/2024\/12\/Green-ivf-Grevenbroicher-Endokrinologie-ivf-Blastozysten-Panorama-beitragsbild.jpg\" \/>\n\t<meta property=\"og:image:width\" content=\"800\" \/>\n\t<meta property=\"og:image:height\" content=\"422\" \/>\n\t<meta property=\"og:image:type\" content=\"image\/jpeg\" \/>\n<meta name=\"twitter:card\" content=\"summary_large_image\" \/>\n<script type=\"application\/ld+json\" class=\"yoast-schema-graph\">{\"@context\":\"https:\\\/\\\/schema.org\",\"@graph\":[{\"@type\":\"WebPage\",\"@id\":\"https:\\\/\\\/www.green-ivf.de\\\/tr\\\/klinik\\\/yayinlar\\\/\",\"url\":\"https:\\\/\\\/www.green-ivf.de\\\/tr\\\/klinik\\\/yayinlar\\\/\",\"name\":\"Yay\u0131nlar | green-ivf | Kinderwunsch-Zentrum in NRW\",\"isPartOf\":{\"@id\":\"https:\\\/\\\/www.green-ivf.de\\\/tr\\\/#website\"},\"primaryImageOfPage\":{\"@id\":\"https:\\\/\\\/www.green-ivf.de\\\/tr\\\/klinik\\\/yayinlar\\\/#primaryimage\"},\"image\":{\"@id\":\"https:\\\/\\\/www.green-ivf.de\\\/tr\\\/klinik\\\/yayinlar\\\/#primaryimage\"},\"thumbnailUrl\":\"https:\\\/\\\/www.green-ivf.de\\\/wp-content\\\/uploads\\\/2024\\\/12\\\/Green-ivf-Grevenbroicher-Endokrinologie-ivf-Blastozysten-Panorama-beitragsbild.jpg\",\"datePublished\":\"2025-05-19T07:28:54+00:00\",\"dateModified\":\"2025-09-13T15:46:03+00:00\",\"description\":\"\u00c7ocuk sahibi olma iste\u011fi, \u00fcreme t\u0131bb\u0131 ve en son ara\u015ft\u0131rma sonu\u00e7lar\u0131 hakk\u0131ndaki g\u00fcncel yay\u0131nlar\u0131m\u0131z hakk\u0131nda daha fazla bilgi edinin.\",\"breadcrumb\":{\"@id\":\"https:\\\/\\\/www.green-ivf.de\\\/tr\\\/klinik\\\/yayinlar\\\/#breadcrumb\"},\"inLanguage\":\"tr\",\"potentialAction\":[{\"@type\":\"ReadAction\",\"target\":[\"https:\\\/\\\/www.green-ivf.de\\\/tr\\\/klinik\\\/yayinlar\\\/\"]}]},{\"@type\":\"ImageObject\",\"inLanguage\":\"tr\",\"@id\":\"https:\\\/\\\/www.green-ivf.de\\\/tr\\\/klinik\\\/yayinlar\\\/#primaryimage\",\"url\":\"https:\\\/\\\/www.green-ivf.de\\\/wp-content\\\/uploads\\\/2024\\\/12\\\/Green-ivf-Grevenbroicher-Endokrinologie-ivf-Blastozysten-Panorama-beitragsbild.jpg\",\"contentUrl\":\"https:\\\/\\\/www.green-ivf.de\\\/wp-content\\\/uploads\\\/2024\\\/12\\\/Green-ivf-Grevenbroicher-Endokrinologie-ivf-Blastozysten-Panorama-beitragsbild.jpg\",\"width\":800,\"height\":422,\"caption\":\"In vitro fertilizasyon (IVF) gibi bir do\u011furganl\u0131k tedavisi kapsam\u0131nda, d\u00f6llenme sonras\u0131 yakla\u015f\u0131k be\u015finci g\u00fcnde blastosist a\u015famas\u0131ndaki bir embriyonun blastosist panoramas\u0131\"},{\"@type\":\"BreadcrumbList\",\"@id\":\"https:\\\/\\\/www.green-ivf.de\\\/tr\\\/klinik\\\/yayinlar\\\/#breadcrumb\",\"itemListElement\":[{\"@type\":\"ListItem\",\"position\":1,\"name\":\"Startseite\",\"item\":\"https:\\\/\\\/www.green-ivf.de\\\/tr\\\/ana-sayfa\\\/\"},{\"@type\":\"ListItem\",\"position\":2,\"name\":\"Klinik\",\"item\":\"https:\\\/\\\/www.green-ivf.de\\\/tr\\\/klinik\\\/\"},{\"@type\":\"ListItem\",\"position\":3,\"name\":\"Yay\u0131nlar\"}]},{\"@type\":\"WebSite\",\"@id\":\"https:\\\/\\\/www.green-ivf.de\\\/tr\\\/#website\",\"url\":\"https:\\\/\\\/www.green-ivf.de\\\/tr\\\/\",\"name\":\"green-ivf | Kinderwunsch-Zentrum in NRW\",\"description\":\"Praxisklinik f\u00fcr Reproduktionsmedizin und Endokrinologie |\",\"publisher\":{\"@id\":\"https:\\\/\\\/www.green-ivf.de\\\/tr\\\/#organization\"},\"alternateName\":\"Kinderwunschzentrum in NRW\",\"potentialAction\":[{\"@type\":\"SearchAction\",\"target\":{\"@type\":\"EntryPoint\",\"urlTemplate\":\"https:\\\/\\\/www.green-ivf.de\\\/tr\\\/?s={search_term_string}\"},\"query-input\":{\"@type\":\"PropertyValueSpecification\",\"valueRequired\":true,\"valueName\":\"search_term_string\"}}],\"inLanguage\":\"tr\"},{\"@type\":\"Organization\",\"@id\":\"https:\\\/\\\/www.green-ivf.de\\\/tr\\\/#organization\",\"name\":\"Greevenbroicher Endokrinologie- & IVF-Zentrum\",\"alternateName\":\"green-ivf: Praxisklinik f\u00fcr Reproduktionsmedizin und Endokrinologie (BAG)\",\"url\":\"https:\\\/\\\/www.green-ivf.de\\\/tr\\\/\",\"logo\":{\"@type\":\"ImageObject\",\"inLanguage\":\"tr\",\"@id\":\"https:\\\/\\\/www.green-ivf.de\\\/tr\\\/#\\\/schema\\\/logo\\\/image\\\/\",\"url\":\"https:\\\/\\\/www.green-ivf.de\\\/wp-content\\\/uploads\\\/2024\\\/11\\\/cropped-Green-ivf-Grevenbroicher-Endokrinologie-ivf-Zentrum-fav.png\",\"contentUrl\":\"https:\\\/\\\/www.green-ivf.de\\\/wp-content\\\/uploads\\\/2024\\\/11\\\/cropped-Green-ivf-Grevenbroicher-Endokrinologie-ivf-Zentrum-fav.png\",\"width\":512,\"height\":512,\"caption\":\"Greevenbroicher Endokrinologie- & IVF-Zentrum\"},\"image\":{\"@id\":\"https:\\\/\\\/www.green-ivf.de\\\/tr\\\/#\\\/schema\\\/logo\\\/image\\\/\"}}]}<\/script>\n<!-- \/ Yoast SEO plugin. -->","yoast_head_json":{"title":"Yay\u0131nlar | green-ivf | Kinderwunsch-Zentrum in NRW","description":"\u00c7ocuk sahibi olma iste\u011fi, \u00fcreme t\u0131bb\u0131 ve en son ara\u015ft\u0131rma sonu\u00e7lar\u0131 hakk\u0131ndaki g\u00fcncel yay\u0131nlar\u0131m\u0131z hakk\u0131nda daha fazla bilgi edinin.","robots":{"index":"index","follow":"follow","max-snippet":"max-snippet:-1","max-image-preview":"max-image-preview:large","max-video-preview":"max-video-preview:-1"},"canonical":"https:\/\/www.green-ivf.de\/tr\/klinik\/yayinlar\/","og_locale":"tr_TR","og_type":"article","og_title":"Yay\u0131nlar | green-ivf | Kinderwunsch-Zentrum in NRW","og_description":"\u00c7ocuk sahibi olma iste\u011fi, \u00fcreme t\u0131bb\u0131 ve en son ara\u015ft\u0131rma sonu\u00e7lar\u0131 hakk\u0131ndaki g\u00fcncel yay\u0131nlar\u0131m\u0131z hakk\u0131nda daha fazla bilgi edinin.","og_url":"https:\/\/www.green-ivf.de\/tr\/klinik\/yayinlar\/","og_site_name":"green-ivf | Kinderwunsch-Zentrum in NRW","article_modified_time":"2025-09-13T15:46:03+00:00","og_image":[{"width":800,"height":422,"url":"https:\/\/www.green-ivf.de\/wp-content\/uploads\/2024\/12\/Green-ivf-Grevenbroicher-Endokrinologie-ivf-Blastozysten-Panorama-beitragsbild.jpg","type":"image\/jpeg"}],"twitter_card":"summary_large_image","schema":{"@context":"https:\/\/schema.org","@graph":[{"@type":"WebPage","@id":"https:\/\/www.green-ivf.de\/tr\/klinik\/yayinlar\/","url":"https:\/\/www.green-ivf.de\/tr\/klinik\/yayinlar\/","name":"Yay\u0131nlar | green-ivf | Kinderwunsch-Zentrum in NRW","isPartOf":{"@id":"https:\/\/www.green-ivf.de\/tr\/#website"},"primaryImageOfPage":{"@id":"https:\/\/www.green-ivf.de\/tr\/klinik\/yayinlar\/#primaryimage"},"image":{"@id":"https:\/\/www.green-ivf.de\/tr\/klinik\/yayinlar\/#primaryimage"},"thumbnailUrl":"https:\/\/www.green-ivf.de\/wp-content\/uploads\/2024\/12\/Green-ivf-Grevenbroicher-Endokrinologie-ivf-Blastozysten-Panorama-beitragsbild.jpg","datePublished":"2025-05-19T07:28:54+00:00","dateModified":"2025-09-13T15:46:03+00:00","description":"\u00c7ocuk sahibi olma iste\u011fi, \u00fcreme t\u0131bb\u0131 ve en son ara\u015ft\u0131rma sonu\u00e7lar\u0131 hakk\u0131ndaki g\u00fcncel yay\u0131nlar\u0131m\u0131z hakk\u0131nda daha fazla bilgi edinin.","breadcrumb":{"@id":"https:\/\/www.green-ivf.de\/tr\/klinik\/yayinlar\/#breadcrumb"},"inLanguage":"tr","potentialAction":[{"@type":"ReadAction","target":["https:\/\/www.green-ivf.de\/tr\/klinik\/yayinlar\/"]}]},{"@type":"ImageObject","inLanguage":"tr","@id":"https:\/\/www.green-ivf.de\/tr\/klinik\/yayinlar\/#primaryimage","url":"https:\/\/www.green-ivf.de\/wp-content\/uploads\/2024\/12\/Green-ivf-Grevenbroicher-Endokrinologie-ivf-Blastozysten-Panorama-beitragsbild.jpg","contentUrl":"https:\/\/www.green-ivf.de\/wp-content\/uploads\/2024\/12\/Green-ivf-Grevenbroicher-Endokrinologie-ivf-Blastozysten-Panorama-beitragsbild.jpg","width":800,"height":422,"caption":"In vitro fertilizasyon (IVF) gibi bir do\u011furganl\u0131k tedavisi kapsam\u0131nda, d\u00f6llenme sonras\u0131 yakla\u015f\u0131k be\u015finci g\u00fcnde blastosist a\u015famas\u0131ndaki bir embriyonun blastosist panoramas\u0131"},{"@type":"BreadcrumbList","@id":"https:\/\/www.green-ivf.de\/tr\/klinik\/yayinlar\/#breadcrumb","itemListElement":[{"@type":"ListItem","position":1,"name":"Startseite","item":"https:\/\/www.green-ivf.de\/tr\/ana-sayfa\/"},{"@type":"ListItem","position":2,"name":"Klinik","item":"https:\/\/www.green-ivf.de\/tr\/klinik\/"},{"@type":"ListItem","position":3,"name":"Yay\u0131nlar"}]},{"@type":"WebSite","@id":"https:\/\/www.green-ivf.de\/tr\/#website","url":"https:\/\/www.green-ivf.de\/tr\/","name":"green-ivf | Kinderwunsch-Zentrum in NRW","description":"Praxisklinik f\u00fcr Reproduktionsmedizin und Endokrinologie |","publisher":{"@id":"https:\/\/www.green-ivf.de\/tr\/#organization"},"alternateName":"Kinderwunschzentrum in NRW","potentialAction":[{"@type":"SearchAction","target":{"@type":"EntryPoint","urlTemplate":"https:\/\/www.green-ivf.de\/tr\/?s={search_term_string}"},"query-input":{"@type":"PropertyValueSpecification","valueRequired":true,"valueName":"search_term_string"}}],"inLanguage":"tr"},{"@type":"Organization","@id":"https:\/\/www.green-ivf.de\/tr\/#organization","name":"Greevenbroicher Endokrinologie- & IVF-Zentrum","alternateName":"green-ivf: Praxisklinik f\u00fcr Reproduktionsmedizin und Endokrinologie (BAG)","url":"https:\/\/www.green-ivf.de\/tr\/","logo":{"@type":"ImageObject","inLanguage":"tr","@id":"https:\/\/www.green-ivf.de\/tr\/#\/schema\/logo\/image\/","url":"https:\/\/www.green-ivf.de\/wp-content\/uploads\/2024\/11\/cropped-Green-ivf-Grevenbroicher-Endokrinologie-ivf-Zentrum-fav.png","contentUrl":"https:\/\/www.green-ivf.de\/wp-content\/uploads\/2024\/11\/cropped-Green-ivf-Grevenbroicher-Endokrinologie-ivf-Zentrum-fav.png","width":512,"height":512,"caption":"Greevenbroicher Endokrinologie- & IVF-Zentrum"},"image":{"@id":"https:\/\/www.green-ivf.de\/tr\/#\/schema\/logo\/image\/"}}]}},"_links":{"self":[{"href":"https:\/\/www.green-ivf.de\/tr\/wp-json\/wp\/v2\/pages\/5602","targetHints":{"allow":["GET"]}}],"collection":[{"href":"https:\/\/www.green-ivf.de\/tr\/wp-json\/wp\/v2\/pages"}],"about":[{"href":"https:\/\/www.green-ivf.de\/tr\/wp-json\/wp\/v2\/types\/page"}],"author":[{"embeddable":true,"href":"https:\/\/www.green-ivf.de\/tr\/wp-json\/wp\/v2\/users\/1"}],"replies":[{"embeddable":true,"href":"https:\/\/www.green-ivf.de\/tr\/wp-json\/wp\/v2\/comments?post=5602"}],"version-history":[{"count":0,"href":"https:\/\/www.green-ivf.de\/tr\/wp-json\/wp\/v2\/pages\/5602\/revisions"}],"up":[{"embeddable":true,"href":"https:\/\/www.green-ivf.de\/tr\/wp-json\/wp\/v2\/pages\/5424"}],"wp:featuredmedia":[{"embeddable":true,"href":"https:\/\/www.green-ivf.de\/tr\/wp-json\/wp\/v2\/media\/5603"}],"wp:attachment":[{"href":"https:\/\/www.green-ivf.de\/tr\/wp-json\/wp\/v2\/media?parent=5602"}],"curies":[{"name":"wp","href":"https:\/\/api.w.org\/{rel}","templated":true}]}}