{"id":5478,"date":"2024-10-08T07:55:49","date_gmt":"2024-10-08T07:55:49","guid":{"rendered":"https:\/\/www.green-ivf.de\/gizlilik-politikasi\/"},"modified":"2025-09-13T15:43:39","modified_gmt":"2025-09-13T15:43:39","slug":"gizlilik-politikasi","status":"publish","type":"page","link":"https:\/\/www.green-ivf.de\/tr\/gizlilik-politikasi\/","title":{"rendered":"Gizlilik Politikas\u0131"},"content":{"rendered":"\t\t<div data-elementor-type=\"wp-page\" data-elementor-id=\"5478\" class=\"elementor elementor-5478 elementor-3\" data-elementor-settings=\"{&quot;ha_cmc_init_switcher&quot;:&quot;no&quot;}\" data-elementor-post-type=\"page\">\n\t\t\t\t<div class=\"elementor-element elementor-element-725ecdbe e-flex e-con-boxed e-con e-parent\" data-id=\"725ecdbe\" data-element_type=\"container\" data-e-type=\"container\" data-settings=\"{&quot;_ha_eqh_enable&quot;:false}\">\n\t\t\t\t\t<div class=\"e-con-inner\">\n\t\t\t\t<div class=\"elementor-element elementor-element-a6a35db elementor-widget elementor-widget-text-editor\" data-id=\"a6a35db\" data-element_type=\"widget\" data-e-type=\"widget\" data-widget_type=\"text-editor.default\">\n\t\t\t\t<div class=\"elementor-widget-container\">\n\t\t\t\t\t\t\t\t\t<h2>Gizlilik Politikas\u0131<\/h2>\n<h3>1. Temel \u0130lkeler<\/h3>\n<p>Ki\u015fisel verilerin i\u015flenmesinde gizlili\u011finizin korunmas\u0131 ve bu verilerin g\u00fcvenli\u011fi bizim i\u00e7in her zaman dikkate ald\u0131\u011f\u0131m\u0131z \u00f6nemli bir konudur. Veri koruma yasalar\u0131n\u0131n kurallar\u0131na uyuyor ve ki\u015fisel verilerinizin korunmas\u0131n\u0131 \u00e7ok ciddiye al\u0131yoruz. Bu nedenle, internet sitelerimizde ki\u015fisel veriler yaln\u0131zca teknik olarak gerekli olan kapsamda (kay\u0131t prosed\u00fcr\u00fc) toplanmakta ve i\u015flenmektedir.  <\/p>\n<h3>2. Sorumlu Taraf<\/h3>\n<p>green-ivf: \u00dcreme T\u0131bb\u0131 ve Endokrinoloji Klini\u011fi\nRheydter Stra\u00dfe 143\n41515 Grevenbroich\nTel.: +49 (0) 2181\/4915-0\nE-posta: datenschutz@green-ivf.de\nSorumlu tarafa ili\u015fkin ayr\u0131nt\u0131lar\u0131 k\u00fcnye b\u00f6l\u00fcm\u00fcnde bulabilirsiniz.<\/p>\n<h3>3. Amaca Uygun Kullan\u0131m<\/h3>\n<p>\u00c7evrimi\u00e7i olarak sa\u011flad\u0131\u011f\u0131n\u0131z ki\u015fisel verileri yaln\u0131zca kay\u0131t prosed\u00fcr\u00fc veya taleplerinizi yan\u0131tlamak i\u00e7in toplayacak, i\u015fleyecek ve kullanaca\u011f\u0131z. Ki\u015fisel verileriniz, gerekli onay\u0131n\u0131z olmadan \u00fc\u00e7\u00fcnc\u00fc taraflara aktar\u0131lmayacakt\u0131r. <\/p>\n<h3>4. Bilgi Edinme ve \u0130ptal Hakk\u0131<\/h3>\n<p>Yasal h\u00fck\u00fcmler uyar\u0131nca korunmaya de\u011fer \u00e7\u0131karlar\u0131n\u0131z dikkate al\u0131nmaktad\u0131r. Yaz\u0131l\u0131 bir talep \u00e7er\u00e7evesinde, ki\u015fisel verileriniz, bu verilerin kayna\u011f\u0131 ve al\u0131c\u0131lar\u0131 hakk\u0131nda \u00fccretsiz olarak bilgi alma hakk\u0131na ve ayr\u0131ca bu verilerin d\u00fczeltilmesini, engellenmesini veya silinmesini talep etme hakk\u0131na sahipsiniz. Ayr\u0131ca, veri i\u015fleme amac\u0131yla verilen onay\u0131 yaz\u0131l\u0131 olarak iptal etme hakk\u0131na da sahipsiniz. Saklanan veriler hakk\u0131nda bilgi talepleri ve iptal bildirimleri, Madde 2&#8217;de &#8220;Sorumlu Taraf&#8221; alt\u0131nda belirtilen adrese g\u00f6nderilmelidir.   <\/p>\n<h3>5. \u00c7erezler<\/h3>\n<p>\u00c7erezler, taray\u0131c\u0131n\u0131z arac\u0131l\u0131\u011f\u0131yla bilgisayar\u0131n\u0131za yerle\u015ftirilen ve ge\u00e7ici olarak depolanan k\u00fc\u00e7\u00fck metin dosyalar\u0131d\u0131r. \u00c7erezler bilgisayar\u0131n\u0131za zarar veremez ve vir\u00fcs i\u00e7ermez. \u0130statistiksel de\u011ferlendirme i\u00e7in anonimle\u015ftirilmi\u015f kullan\u0131c\u0131 verilerini toplamak i\u00e7in \u00e7erezleri kullan\u0131yoruz. Ayr\u0131nt\u0131lar\u0131 Google Analytics b\u00f6l\u00fcm\u00fcnde bulabilirsiniz.   <\/p>\n<h3>6. G\u00fcvenlik Uyar\u0131s\u0131<\/h3>\n<p>Ki\u015fisel verilerinizi, t\u00fcm teknik ve organizasyonel imkanlar\u0131 kullanarak \u00fc\u00e7\u00fcnc\u00fc taraflar\u0131n eri\u015femeyece\u011fi \u015fekilde saklamaya \u00f6zen g\u00f6steriyoruz. E-posta ile ileti\u015fimde tam veri g\u00fcvenli\u011fini garanti edemedi\u011fimiz i\u00e7in, gizli bilgiler i\u00e7in posta yolunu kullanman\u0131z\u0131 \u00f6zellikle tavsiye ederiz. <\/p>\n<h3>7. Web Sitesi Kullan\u0131m\u0131nda Ki\u015fisel Verilerin Toplanmas\u0131<\/h3>\n<p>Web sitesini kullan\u0131rken, taray\u0131c\u0131n\u0131z\u0131n web sitesini ziyaret etmenizi sa\u011flamak i\u00e7in iletti\u011fi veriler d\u0131\u015f\u0131nda ki\u015fisel veri toplam\u0131yoruz. Bunlar: IP adresi, saat dilimi dahil talep tarihi ve saati, talebin i\u00e7eri\u011fi (\u00f6rne\u011fin, talep edilen sayfa), eri\u015fim durumu\/HTTP durum kodu, aktar\u0131lan veri miktar\u0131, talebin geldi\u011fi web sitesi, taray\u0131c\u0131 (s\u00fcr\u00fcm ve dil dahil), i\u015fletim sistemi ve aray\u00fcz\u00fc. Veriler teknik nedenlerle web sa\u011flay\u0131c\u0131s\u0131n\u0131n sunucu g\u00fcnl\u00fcklerinde yedi g\u00fcn saklan\u0131r.  <\/p>\n<h3>8. Google Haritalar<\/h3>\n<p>Bu web sitesi Google Inc.&#8217;in Google Haritalar \u00fcr\u00fcn\u00fcn\u00fc kullanmaktad\u0131r. Bu web sitesini kullanarak, Google Inc., temsilcileri ve \u00fc\u00e7\u00fcnc\u00fc taraflarca otomatik olarak toplanan verilerin toplanmas\u0131, i\u015flenmesi ve kullan\u0131lmas\u0131n\u0131 kabul etmi\u015f olursunuz. Google Haritalar&#8217;\u0131n kullan\u0131m \u015fartlar\u0131n\u0131 Google Haritalar Kullan\u0131m \u015eartlar\u0131&#8217;nda bulabilirsiniz.  <\/p>\n<h3>9. Google Analytics<\/h3>\n<p>Bu web sitesi, Google Inc.&#8217;in bir web analiz hizmeti olan Google Analytics&#8217;i kullanmaktad\u0131r. Google Analytics, bilgisayar\u0131n\u0131za kaydedilen ve web sitesini kullan\u0131m\u0131n\u0131z\u0131n analiz edilmesini sa\u011flayan &#8220;\u00e7erezler&#8221; ad\u0131 verilen metin dosyalar\u0131n\u0131 kullan\u0131r. Bu web sitesini kullan\u0131m\u0131n\u0131zla ilgili \u00e7erez taraf\u0131ndan olu\u015fturulan bilgiler (IP adresiniz dahil) ABD&#8217;deki bir Google Inc. sunucusuna aktar\u0131l\u0131r ve orada saklan\u0131r. Google Inc. bu bilgileri web sitesi kullan\u0131m\u0131n\u0131z\u0131 de\u011ferlendirmek, web sitesi operat\u00f6rleri i\u00e7in web sitesi aktiviteleri hakk\u0131nda raporlar derlemek ve web sitesi kullan\u0131m\u0131 ve internet kullan\u0131m\u0131yla ilgili di\u011fer hizmetleri sa\u011flamak i\u00e7in kullanacakt\u0131r. Google Inc. ayr\u0131ca bu bilgileri, yasalarca gerekli g\u00f6r\u00fcld\u00fc\u011f\u00fcnde veya \u00fc\u00e7\u00fcnc\u00fc taraflar\u0131n bu verileri Google ad\u0131na i\u015flemesi durumunda \u00fc\u00e7\u00fcnc\u00fc taraflara aktarabilir. Google Inc. hi\u00e7bir durumda IP adresinizi Google Inc. taraf\u0131ndan saklanan di\u011fer verilerle ili\u015fkilendirmeyecektir. Taray\u0131c\u0131 yaz\u0131l\u0131m\u0131n\u0131z\u0131n ilgili ayar\u0131n\u0131 yaparak \u00e7erezlerin y\u00fcklenmesini engelleyebilirsiniz &#8211; ancak bu durumda bu web sitesinin t\u00fcm i\u015flevlerini tam olarak kullanamayabilece\u011finizi l\u00fctfen unutmay\u0131n. Bu web sitesini kullanarak, verilerinizin Google Inc. taraf\u0131ndan yukar\u0131da a\u00e7\u0131klanan \u015fekilde ve ama\u00e7la i\u015flenmesini kabul etmi\u015f olursunuz. Google Analytics&#8217;i devre d\u0131\u015f\u0131 b\u0131rakmak i\u00e7in taray\u0131c\u0131 eklentisi Google Analytics&#8217;i devre d\u0131\u015f\u0131 b\u0131rakmak i\u00e7in taray\u0131c\u0131 eklentisi, web sitesi ziyaret\u00e7isine Google Analytics taraf\u0131ndan hangi verilerin toplanaca\u011f\u0131 konusunda daha fazla kontrol sa\u011flar. Eklenti, Google Analytics JavaScript&#8217;ine (ga.js) web sitesi ziyareti hakk\u0131nda hi\u00e7bir bilginin Google Analytics&#8217;e iletilmemesi gerekti\u011fini bildirir. Taray\u0131c\u0131 eklentisini tools.google.com\/dlpage\/gaoptout adresinde bulabilir, daha fazla bilgiyi https:\/\/www.google.com\/intl\/de_DE\/analytics\/learn\/privacy.html adresinde bulabilirsiniz (Google Analytics ve veri koruma hakk\u0131nda genel bilgiler). IP adreslerinin anonimle\u015ftirilmi\u015f kayd\u0131n\u0131 (IP maskeleme) sa\u011flamak i\u00e7in bu web sitesinde Google Analytics&#8217;in &#8220;gat._anonymizeIp();&#8221; koduyla geni\u015fletildi\u011fini belirtmek isteriz.<\/p>\n<h3>10. Gizlilik Politikam\u0131zdaki De\u011fi\u015fiklikler<\/h3>\n<p>Teknik geli\u015fmeler nedeniyle gerekli oldu\u011fu takdirde g\u00fcvenlik ve veri koruma \u00f6nlemlerimizi de\u011fi\u015ftirme hakk\u0131n\u0131 sakl\u0131 tutar\u0131z. Bu durumlarda gizlilik politikam\u0131z\u0131 da uygun \u015fekilde g\u00fcncelleyece\u011fiz. Bu nedenle l\u00fctfen gizlilik politikam\u0131z\u0131n g\u00fcncel versiyonunu dikkate al\u0131n\u0131z. Grevenbroich, 13.05.2018   <\/p>\t\t\t\t\t\t\t\t<\/div>\n\t\t\t\t<\/div>\n\t\t\t\t\t<\/div>\n\t\t\t\t<\/div>\n\t\t\t\t<\/div>\n\t\t","protected":false},"excerpt":{"rendered":"<p>Gizlilik Politikas\u0131 1. Temel \u0130lkeler Ki\u015fisel verilerin i\u015flenmesinde gizlili\u011finizin korunmas\u0131 ve bu verilerin g\u00fcvenli\u011fi bizim i\u00e7in her zaman dikkate ald\u0131\u011f\u0131m\u0131z [&hellip;]<\/p>\n","protected":false},"author":1,"featured_media":0,"parent":0,"menu_order":99,"comment_status":"closed","ping_status":"closed","template":"","meta":{"site-sidebar-layout":"default","site-content-layout":"","ast-site-content-layout":"default","site-content-style":"default","site-sidebar-style":"default","ast-global-header-display":"","ast-banner-title-visibility":"","ast-main-header-display":"","ast-hfb-above-header-display":"","ast-hfb-below-header-display":"","ast-hfb-mobile-header-display":"","site-post-title":"","ast-breadcrumbs-content":"","ast-featured-img":"","footer-sml-layout":"","ast-disable-related-posts":"","theme-transparent-header-meta":"","adv-header-id-meta":"","stick-header-meta":"","header-above-stick-meta":"","header-main-stick-meta":"","header-below-stick-meta":"","astra-migrate-meta-layouts":"default","ast-page-background-enabled":"default","ast-page-background-meta":{"desktop":{"background-color":"var(--ast-global-color-4)","background-image":"","background-repeat":"repeat","background-position":"center center","background-size":"auto","background-attachment":"scroll","background-type":"","background-media":"","overlay-type":"","overlay-color":"","overlay-opacity":"","overlay-gradient":""},"tablet":{"background-color":"","background-image":"","background-repeat":"repeat","background-position":"center center","background-size":"auto","background-attachment":"scroll","background-type":"","background-media":"","overlay-type":"","overlay-color":"","overlay-opacity":"","overlay-gradient":""},"mobile":{"background-color":"","background-image":"","background-repeat":"repeat","background-position":"center center","background-size":"auto","background-attachment":"scroll","background-type":"","background-media":"","overlay-type":"","overlay-color":"","overlay-opacity":"","overlay-gradient":""}},"ast-content-background-meta":{"desktop":{"background-color":"var(--ast-global-color-5)","background-image":"","background-repeat":"repeat","background-position":"center center","background-size":"auto","background-attachment":"scroll","background-type":"","background-media":"","overlay-type":"","overlay-color":"","overlay-opacity":"","overlay-gradient":""},"tablet":{"background-color":"var(--ast-global-color-5)","background-image":"","background-repeat":"repeat","background-position":"center center","background-size":"auto","background-attachment":"scroll","background-type":"","background-media":"","overlay-type":"","overlay-color":"","overlay-opacity":"","overlay-gradient":""},"mobile":{"background-color":"var(--ast-global-color-5)","background-image":"","background-repeat":"repeat","background-position":"center center","background-size":"auto","background-attachment":"scroll","background-type":"","background-media":"","overlay-type":"","overlay-color":"","overlay-opacity":"","overlay-gradient":""}},"iawp_total_views":1,"footnotes":""},"class_list":["post-5478","page","type-page","status-publish","hentry"],"yoast_head":"<!-- This site is optimized with the Yoast SEO plugin v27.3 - https:\/\/yoast.com\/product\/yoast-seo-wordpress\/ -->\n<title>Gizlilik Politikas\u0131 | green-ivf | Kinderwunsch-Zentrum in NRW<\/title>\n<meta name=\"robots\" content=\"index, follow, max-snippet:-1, max-image-preview:large, max-video-preview:-1\" \/>\n<link rel=\"canonical\" href=\"https:\/\/www.green-ivf.de\/tr\/gizlilik-politikasi\/\" \/>\n<meta property=\"og:locale\" content=\"tr_TR\" \/>\n<meta property=\"og:type\" content=\"article\" \/>\n<meta property=\"og:title\" content=\"Gizlilik Politikas\u0131 | green-ivf | Kinderwunsch-Zentrum in NRW\" \/>\n<meta property=\"og:description\" content=\"Gizlilik Politikas\u0131 1. Temel \u0130lkeler Ki\u015fisel verilerin i\u015flenmesinde gizlili\u011finizin korunmas\u0131 ve bu verilerin g\u00fcvenli\u011fi bizim i\u00e7in her zaman dikkate ald\u0131\u011f\u0131m\u0131z [&hellip;]\" \/>\n<meta property=\"og:url\" content=\"https:\/\/www.green-ivf.de\/tr\/gizlilik-politikasi\/\" \/>\n<meta property=\"og:site_name\" content=\"green-ivf | Kinderwunsch-Zentrum in NRW\" \/>\n<meta property=\"article:modified_time\" content=\"2025-09-13T15:43:39+00:00\" \/>\n<meta name=\"twitter:card\" content=\"summary_large_image\" \/>\n<meta name=\"twitter:label1\" content=\"Tahmini okuma s\u00fcresi\" \/>\n\t<meta name=\"twitter:data1\" content=\"5 dakika\" \/>\n<script type=\"application\/ld+json\" class=\"yoast-schema-graph\">{\"@context\":\"https:\\\/\\\/schema.org\",\"@graph\":[{\"@type\":\"WebPage\",\"@id\":\"https:\\\/\\\/www.green-ivf.de\\\/tr\\\/gizlilik-politikasi\\\/\",\"url\":\"https:\\\/\\\/www.green-ivf.de\\\/tr\\\/gizlilik-politikasi\\\/\",\"name\":\"Gizlilik Politikas\u0131 | green-ivf | Kinderwunsch-Zentrum in NRW\",\"isPartOf\":{\"@id\":\"https:\\\/\\\/www.green-ivf.de\\\/tr\\\/#website\"},\"datePublished\":\"2024-10-08T07:55:49+00:00\",\"dateModified\":\"2025-09-13T15:43:39+00:00\",\"breadcrumb\":{\"@id\":\"https:\\\/\\\/www.green-ivf.de\\\/tr\\\/gizlilik-politikasi\\\/#breadcrumb\"},\"inLanguage\":\"tr\",\"potentialAction\":[{\"@type\":\"ReadAction\",\"target\":[\"https:\\\/\\\/www.green-ivf.de\\\/tr\\\/gizlilik-politikasi\\\/\"]}]},{\"@type\":\"BreadcrumbList\",\"@id\":\"https:\\\/\\\/www.green-ivf.de\\\/tr\\\/gizlilik-politikasi\\\/#breadcrumb\",\"itemListElement\":[{\"@type\":\"ListItem\",\"position\":1,\"name\":\"Startseite\",\"item\":\"https:\\\/\\\/www.green-ivf.de\\\/tr\\\/ana-sayfa\\\/\"},{\"@type\":\"ListItem\",\"position\":2,\"name\":\"Gizlilik Politikas\u0131\"}]},{\"@type\":\"WebSite\",\"@id\":\"https:\\\/\\\/www.green-ivf.de\\\/tr\\\/#website\",\"url\":\"https:\\\/\\\/www.green-ivf.de\\\/tr\\\/\",\"name\":\"green-ivf | Kinderwunsch-Zentrum in NRW\",\"description\":\"Praxisklinik f\u00fcr Reproduktionsmedizin und Endokrinologie |\",\"publisher\":{\"@id\":\"https:\\\/\\\/www.green-ivf.de\\\/tr\\\/#organization\"},\"alternateName\":\"Kinderwunschzentrum in NRW\",\"potentialAction\":[{\"@type\":\"SearchAction\",\"target\":{\"@type\":\"EntryPoint\",\"urlTemplate\":\"https:\\\/\\\/www.green-ivf.de\\\/tr\\\/?s={search_term_string}\"},\"query-input\":{\"@type\":\"PropertyValueSpecification\",\"valueRequired\":true,\"valueName\":\"search_term_string\"}}],\"inLanguage\":\"tr\"},{\"@type\":\"Organization\",\"@id\":\"https:\\\/\\\/www.green-ivf.de\\\/tr\\\/#organization\",\"name\":\"Greevenbroicher Endokrinologie- & IVF-Zentrum\",\"alternateName\":\"green-ivf: Praxisklinik f\u00fcr Reproduktionsmedizin und Endokrinologie (BAG)\",\"url\":\"https:\\\/\\\/www.green-ivf.de\\\/tr\\\/\",\"logo\":{\"@type\":\"ImageObject\",\"inLanguage\":\"tr\",\"@id\":\"https:\\\/\\\/www.green-ivf.de\\\/tr\\\/#\\\/schema\\\/logo\\\/image\\\/\",\"url\":\"https:\\\/\\\/www.green-ivf.de\\\/wp-content\\\/uploads\\\/2024\\\/11\\\/cropped-Green-ivf-Grevenbroicher-Endokrinologie-ivf-Zentrum-fav.png\",\"contentUrl\":\"https:\\\/\\\/www.green-ivf.de\\\/wp-content\\\/uploads\\\/2024\\\/11\\\/cropped-Green-ivf-Grevenbroicher-Endokrinologie-ivf-Zentrum-fav.png\",\"width\":512,\"height\":512,\"caption\":\"Greevenbroicher Endokrinologie- & IVF-Zentrum\"},\"image\":{\"@id\":\"https:\\\/\\\/www.green-ivf.de\\\/tr\\\/#\\\/schema\\\/logo\\\/image\\\/\"}}]}<\/script>\n<!-- \/ Yoast SEO plugin. -->","yoast_head_json":{"title":"Gizlilik Politikas\u0131 | green-ivf | Kinderwunsch-Zentrum in NRW","robots":{"index":"index","follow":"follow","max-snippet":"max-snippet:-1","max-image-preview":"max-image-preview:large","max-video-preview":"max-video-preview:-1"},"canonical":"https:\/\/www.green-ivf.de\/tr\/gizlilik-politikasi\/","og_locale":"tr_TR","og_type":"article","og_title":"Gizlilik Politikas\u0131 | green-ivf | Kinderwunsch-Zentrum in NRW","og_description":"Gizlilik Politikas\u0131 1. Temel \u0130lkeler Ki\u015fisel verilerin i\u015flenmesinde gizlili\u011finizin korunmas\u0131 ve bu verilerin g\u00fcvenli\u011fi bizim i\u00e7in her zaman dikkate ald\u0131\u011f\u0131m\u0131z [&hellip;]","og_url":"https:\/\/www.green-ivf.de\/tr\/gizlilik-politikasi\/","og_site_name":"green-ivf | Kinderwunsch-Zentrum in NRW","article_modified_time":"2025-09-13T15:43:39+00:00","twitter_card":"summary_large_image","twitter_misc":{"Tahmini okuma s\u00fcresi":"5 dakika"},"schema":{"@context":"https:\/\/schema.org","@graph":[{"@type":"WebPage","@id":"https:\/\/www.green-ivf.de\/tr\/gizlilik-politikasi\/","url":"https:\/\/www.green-ivf.de\/tr\/gizlilik-politikasi\/","name":"Gizlilik Politikas\u0131 | green-ivf | Kinderwunsch-Zentrum in NRW","isPartOf":{"@id":"https:\/\/www.green-ivf.de\/tr\/#website"},"datePublished":"2024-10-08T07:55:49+00:00","dateModified":"2025-09-13T15:43:39+00:00","breadcrumb":{"@id":"https:\/\/www.green-ivf.de\/tr\/gizlilik-politikasi\/#breadcrumb"},"inLanguage":"tr","potentialAction":[{"@type":"ReadAction","target":["https:\/\/www.green-ivf.de\/tr\/gizlilik-politikasi\/"]}]},{"@type":"BreadcrumbList","@id":"https:\/\/www.green-ivf.de\/tr\/gizlilik-politikasi\/#breadcrumb","itemListElement":[{"@type":"ListItem","position":1,"name":"Startseite","item":"https:\/\/www.green-ivf.de\/tr\/ana-sayfa\/"},{"@type":"ListItem","position":2,"name":"Gizlilik Politikas\u0131"}]},{"@type":"WebSite","@id":"https:\/\/www.green-ivf.de\/tr\/#website","url":"https:\/\/www.green-ivf.de\/tr\/","name":"green-ivf | Kinderwunsch-Zentrum in NRW","description":"Praxisklinik f\u00fcr Reproduktionsmedizin und Endokrinologie |","publisher":{"@id":"https:\/\/www.green-ivf.de\/tr\/#organization"},"alternateName":"Kinderwunschzentrum in NRW","potentialAction":[{"@type":"SearchAction","target":{"@type":"EntryPoint","urlTemplate":"https:\/\/www.green-ivf.de\/tr\/?s={search_term_string}"},"query-input":{"@type":"PropertyValueSpecification","valueRequired":true,"valueName":"search_term_string"}}],"inLanguage":"tr"},{"@type":"Organization","@id":"https:\/\/www.green-ivf.de\/tr\/#organization","name":"Greevenbroicher Endokrinologie- & IVF-Zentrum","alternateName":"green-ivf: Praxisklinik f\u00fcr Reproduktionsmedizin und Endokrinologie (BAG)","url":"https:\/\/www.green-ivf.de\/tr\/","logo":{"@type":"ImageObject","inLanguage":"tr","@id":"https:\/\/www.green-ivf.de\/tr\/#\/schema\/logo\/image\/","url":"https:\/\/www.green-ivf.de\/wp-content\/uploads\/2024\/11\/cropped-Green-ivf-Grevenbroicher-Endokrinologie-ivf-Zentrum-fav.png","contentUrl":"https:\/\/www.green-ivf.de\/wp-content\/uploads\/2024\/11\/cropped-Green-ivf-Grevenbroicher-Endokrinologie-ivf-Zentrum-fav.png","width":512,"height":512,"caption":"Greevenbroicher Endokrinologie- & IVF-Zentrum"},"image":{"@id":"https:\/\/www.green-ivf.de\/tr\/#\/schema\/logo\/image\/"}}]}},"_links":{"self":[{"href":"https:\/\/www.green-ivf.de\/tr\/wp-json\/wp\/v2\/pages\/5478","targetHints":{"allow":["GET"]}}],"collection":[{"href":"https:\/\/www.green-ivf.de\/tr\/wp-json\/wp\/v2\/pages"}],"about":[{"href":"https:\/\/www.green-ivf.de\/tr\/wp-json\/wp\/v2\/types\/page"}],"author":[{"embeddable":true,"href":"https:\/\/www.green-ivf.de\/tr\/wp-json\/wp\/v2\/users\/1"}],"replies":[{"embeddable":true,"href":"https:\/\/www.green-ivf.de\/tr\/wp-json\/wp\/v2\/comments?post=5478"}],"version-history":[{"count":0,"href":"https:\/\/www.green-ivf.de\/tr\/wp-json\/wp\/v2\/pages\/5478\/revisions"}],"wp:attachment":[{"href":"https:\/\/www.green-ivf.de\/tr\/wp-json\/wp\/v2\/media?parent=5478"}],"curies":[{"name":"wp","href":"https:\/\/api.w.org\/{rel}","templated":true}]}}