{"id":5448,"date":"2024-11-11T08:52:14","date_gmt":"2024-11-11T08:52:14","guid":{"rendered":"https:\/\/www.green-ivf.de\/yasal-uyari\/"},"modified":"2025-09-13T15:42:17","modified_gmt":"2025-09-13T15:42:17","slug":"yasal-uyari","status":"publish","type":"page","link":"https:\/\/www.green-ivf.de\/tr\/yasal-uyari\/","title":{"rendered":"Yasal Uyar\u0131"},"content":{"rendered":"\t\t<div data-elementor-type=\"wp-page\" data-elementor-id=\"5448\" class=\"elementor elementor-5448 elementor-137\" data-elementor-settings=\"{&quot;ha_cmc_init_switcher&quot;:&quot;no&quot;}\" data-elementor-post-type=\"page\">\n\t\t\t\t<div class=\"elementor-element elementor-element-eae02ad e-flex e-con-boxed e-con e-parent\" data-id=\"eae02ad\" data-element_type=\"container\" data-e-type=\"container\" data-settings=\"{&quot;_ha_eqh_enable&quot;:false}\">\n\t\t\t\t\t<div class=\"e-con-inner\">\n\t\t\t\t<div class=\"elementor-element elementor-element-d27de91 elementor-widget elementor-widget-text-editor\" data-id=\"d27de91\" data-element_type=\"widget\" data-e-type=\"widget\" data-widget_type=\"text-editor.default\">\n\t\t\t\t<div class=\"elementor-widget-container\">\n\t\t\t\t\t\t\t\t\t<h2>Yasal Uyar\u0131<\/h2>\n<p> <\/p>\n<h3>1. \u00c7evrimi\u00e7i \u0130\u00e7erik<\/h3>\n<p>Yazar, sa\u011flanan bilgilerin g\u00fcncelli\u011fi, do\u011frulu\u011fu, eksiksizli\u011fi veya kalitesi konusunda hi\u00e7bir garanti vermemektedir. Yazar\u0131n kas\u0131tl\u0131 veya a\u011f\u0131r ihmal yoluyla kan\u0131tlanabilir bir kusuru olmad\u0131\u011f\u0131 s\u00fcrece, sa\u011flanan bilgilerin kullan\u0131m\u0131 veya kullan\u0131lmamas\u0131 ya da hatal\u0131 ve eksik bilgilerin kullan\u0131m\u0131ndan kaynaklanan maddi veya manevi hasarlara ili\u015fkin tazminat talepleri prensip olarak hari\u00e7 tutulmu\u015ftur. T\u00fcm teklifler ba\u011flay\u0131c\u0131 de\u011fildir. Yazar, sayfalar\u0131n bir k\u0131sm\u0131n\u0131 veya t\u00fcm i\u00e7eri\u011fi \u00f6nceden haber vermeksizin de\u011fi\u015ftirme, tamamlama, silme veya yay\u0131n\u0131 ge\u00e7ici ya da kal\u0131c\u0131 olarak durdurma hakk\u0131n\u0131 a\u00e7\u0131k\u00e7a sakl\u0131 tutar.   <\/p>\n<h3>2. Referanslar ve Ba\u011flant\u0131lar<\/h3>\n<p>Yazar\u0131n sorumluluk alan\u0131 d\u0131\u015f\u0131nda kalan harici web sitelerine yap\u0131lan do\u011frudan veya dolayl\u0131 referanslarda (&#8220;hiperlink&#8221;), yazar i\u00e7erikten haberdar oldu\u011fu ve yasad\u0131\u015f\u0131 i\u00e7erik durumunda kullan\u0131m\u0131 \u00f6nlemenin teknik olarak m\u00fcmk\u00fcn ve makul oldu\u011fu durumlarda sorumluluk y\u00fck\u00fcml\u00fcl\u00fc\u011f\u00fc do\u011facakt\u0131r. Yazar, ba\u011flant\u0131 verme an\u0131nda ba\u011flant\u0131 verilen sayfalarda herhangi bir yasad\u0131\u015f\u0131 i\u00e7eri\u011fin tespit edilmedi\u011fini a\u00e7\u0131k\u00e7a beyan eder. Ba\u011flant\u0131l\u0131\/ili\u015fkili sayfalar\u0131n mevcut ve gelecekteki tasar\u0131m\u0131, i\u00e7eri\u011fi veya telif hakk\u0131 \u00fczerinde yazar\u0131n hi\u00e7bir etkisi yoktur. Bu nedenle yazar, ba\u011flant\u0131 verildikten sonra de\u011fi\u015ftirilen t\u00fcm ba\u011flant\u0131l\u0131\/ili\u015fkili sayfalar\u0131n i\u00e7eri\u011finden a\u00e7\u0131k\u00e7a uzak durdu\u011funu beyan eder. Bu beyan, kendi internet sitesi i\u00e7erisinde verilen t\u00fcm ba\u011flant\u0131 ve referanslar ile yazar\u0131n olu\u015fturdu\u011fu ziyaret\u00e7i defteri, tart\u0131\u015fma forumlar\u0131, ba\u011flant\u0131 dizinleri, posta listeleri ve harici yazma eri\u015fiminin m\u00fcmk\u00fcn oldu\u011fu di\u011fer t\u00fcm veri taban\u0131 formlar\u0131ndaki yabanc\u0131 giri\u015fler i\u00e7in ge\u00e7erlidir.    <\/p>\n<p>Yasad\u0131\u015f\u0131, hatal\u0131 veya eksik i\u00e7erikler ve \u00f6zellikle bu t\u00fcr bilgilerin kullan\u0131m\u0131 veya kullan\u0131lmamas\u0131ndan kaynaklanan zararlardan, ilgili yay\u0131na sadece ba\u011flant\u0131 veren de\u011fil, yaln\u0131zca ba\u011flant\u0131 verilen sayfan\u0131n sa\u011flay\u0131c\u0131s\u0131 sorumludur.<\/p>\n<h3>3. Telif Hakk\u0131 ve Marka Hukuku<\/h3>\n<p>Yazar, t\u00fcm yay\u0131nlarda kullan\u0131lan g\u00f6rseller, grafikler, ses belgeleri, video sekanslar\u0131 ve metinlerin telif haklar\u0131na uymaya, kendisi taraf\u0131ndan olu\u015fturulan g\u00f6rseller, grafikler, ses belgeleri, video sekanslar\u0131 ve metinleri kullanmaya veya lisanss\u0131z grafikler, ses belgeleri, video sekanslar\u0131 ve metinleri kullanmaya \u00f6zen g\u00f6sterir. \u0130nternet sitesinde belirtilen ve \u00fc\u00e7\u00fcnc\u00fc taraflarca korunan t\u00fcm marka ve ticari markalar, y\u00fcr\u00fcrl\u00fckteki ilgili marka hukuku h\u00fck\u00fcmlerine ve ilgili tescilli sahiplerinin m\u00fclkiyet haklar\u0131na tabi olmaya devam eder. Sadece markan\u0131n belirtilmi\u015f olmas\u0131, ticari markalar\u0131n \u00fc\u00e7\u00fcnc\u00fc taraf haklar\u0131 taraf\u0131ndan korunmad\u0131\u011f\u0131 anlam\u0131na gelmez. Yazar taraf\u0131ndan olu\u015fturulan ve yay\u0131nlanan nesnelerin telif hakk\u0131 yaln\u0131zca sayfa yazar\u0131na aittir. Bu t\u00fcr grafiklerin, ses belgelerinin, video sekanslar\u0131n\u0131n ve metinlerin di\u011fer elektronik veya bas\u0131l\u0131 yay\u0131nlarda \u00e7o\u011falt\u0131lmas\u0131 veya kullan\u0131lmas\u0131, yazar\u0131n a\u00e7\u0131k izni olmadan yasakt\u0131r.    <\/p>\n<h3>4. Veri Koruma<\/h3>\n<p>\u0130nternet sitesi i\u00e7erisinde ki\u015fisel veya ticari verilerin (e-posta adresleri, isimler, adresler) girilme imkan\u0131 oldu\u011fu durumlarda, bu verilerin kullan\u0131c\u0131 taraf\u0131ndan a\u00e7\u0131klanmas\u0131 tamamen g\u00f6n\u00fcll\u00fcl\u00fck esas\u0131na dayan\u0131r. Sunulan t\u00fcm hizmetlerin kullan\u0131m\u0131 ve \u00f6demesi &#8211; teknik olarak m\u00fcmk\u00fcn ve makul oldu\u011fu s\u00fcrece &#8211; bu t\u00fcr veriler olmadan veya anonim veriler ya da takma ad kullan\u0131larak da yap\u0131labilir. K\u00fcnye veya benzer bilgiler kapsam\u0131nda yay\u0131nlanan posta adresleri, telefon ve faks numaralar\u0131 ile e-posta adreslerinin \u00fc\u00e7\u00fcnc\u00fc taraflarca a\u00e7\u0131k\u00e7a talep edilmemi\u015f bilgilerin g\u00f6nderilmesi i\u00e7in kullan\u0131lmas\u0131na izin verilmez. Bu yasa\u011f\u0131n ihlali durumunda, spam e-postalar\u0131 g\u00f6nderenlere kar\u015f\u0131 yasal i\u015flem ba\u015flatma hakk\u0131 sakl\u0131d\u0131r.   <\/p>\n<h3>5. Bu Sorumluluk Reddinin Yasal Ge\u00e7erlili\u011fi<\/h3>\n<p>Bu sorumluluk reddi, bu sayfaya at\u0131fta bulunan internet sitesinin bir par\u00e7as\u0131 olarak kabul edilmelidir. Bu metnin b\u00f6l\u00fcmleri veya belirli ifadeleri mevcut yasal duruma uygun de\u011filse, art\u0131k uygun de\u011filse veya tam olarak uygun de\u011filse, belgenin geri kalan k\u0131s\u0131mlar\u0131 i\u00e7erik ve ge\u00e7erlilik a\u00e7\u0131s\u0131ndan bundan etkilenmez. <\/p>\t\t\t\t\t\t\t\t<\/div>\n\t\t\t\t<\/div>\n\t\t\t\t\t<\/div>\n\t\t\t\t<\/div>\n\t\t\t\t<\/div>\n\t\t","protected":false},"excerpt":{"rendered":"<p>Yasal Uyar\u0131 1. \u00c7evrimi\u00e7i \u0130\u00e7erik Yazar, sa\u011flanan bilgilerin g\u00fcncelli\u011fi, do\u011frulu\u011fu, eksiksizli\u011fi veya kalitesi konusunda hi\u00e7bir garanti vermemektedir. Yazar\u0131n kas\u0131tl\u0131 veya [&hellip;]<\/p>\n","protected":false},"author":1,"featured_media":0,"parent":0,"menu_order":99,"comment_status":"closed","ping_status":"closed","template":"","meta":{"site-sidebar-layout":"default","site-content-layout":"","ast-site-content-layout":"default","site-content-style":"default","site-sidebar-style":"default","ast-global-header-display":"","ast-banner-title-visibility":"","ast-main-header-display":"","ast-hfb-above-header-display":"","ast-hfb-below-header-display":"","ast-hfb-mobile-header-display":"","site-post-title":"","ast-breadcrumbs-content":"","ast-featured-img":"","footer-sml-layout":"","ast-disable-related-posts":"","theme-transparent-header-meta":"","adv-header-id-meta":"","stick-header-meta":"","header-above-stick-meta":"","header-main-stick-meta":"","header-below-stick-meta":"","astra-migrate-meta-layouts":"default","ast-page-background-enabled":"default","ast-page-background-meta":{"desktop":{"background-color":"var(--ast-global-color-4)","background-image":"","background-repeat":"repeat","background-position":"center center","background-size":"auto","background-attachment":"scroll","background-type":"","background-media":"","overlay-type":"","overlay-color":"","overlay-opacity":"","overlay-gradient":""},"tablet":{"background-color":"","background-image":"","background-repeat":"repeat","background-position":"center center","background-size":"auto","background-attachment":"scroll","background-type":"","background-media":"","overlay-type":"","overlay-color":"","overlay-opacity":"","overlay-gradient":""},"mobile":{"background-color":"","background-image":"","background-repeat":"repeat","background-position":"center center","background-size":"auto","background-attachment":"scroll","background-type":"","background-media":"","overlay-type":"","overlay-color":"","overlay-opacity":"","overlay-gradient":""}},"ast-content-background-meta":{"desktop":{"background-color":"var(--ast-global-color-5)","background-image":"","background-repeat":"repeat","background-position":"center center","background-size":"auto","background-attachment":"scroll","background-type":"","background-media":"","overlay-type":"","overlay-color":"","overlay-opacity":"","overlay-gradient":""},"tablet":{"background-color":"var(--ast-global-color-5)","background-image":"","background-repeat":"repeat","background-position":"center center","background-size":"auto","background-attachment":"scroll","background-type":"","background-media":"","overlay-type":"","overlay-color":"","overlay-opacity":"","overlay-gradient":""},"mobile":{"background-color":"var(--ast-global-color-5)","background-image":"","background-repeat":"repeat","background-position":"center center","background-size":"auto","background-attachment":"scroll","background-type":"","background-media":"","overlay-type":"","overlay-color":"","overlay-opacity":"","overlay-gradient":""}},"iawp_total_views":0,"footnotes":""},"class_list":["post-5448","page","type-page","status-publish","hentry"],"yoast_head":"<!-- This site is optimized with the Yoast SEO plugin v27.3 - https:\/\/yoast.com\/product\/yoast-seo-wordpress\/ -->\n<title>Yasal Uyar\u0131 | green-ivf | Kinderwunsch-Zentrum in NRW<\/title>\n<meta name=\"robots\" content=\"index, follow, max-snippet:-1, max-image-preview:large, max-video-preview:-1\" \/>\n<link rel=\"canonical\" href=\"https:\/\/www.green-ivf.de\/tr\/yasal-uyari\/\" \/>\n<meta property=\"og:locale\" content=\"tr_TR\" \/>\n<meta property=\"og:type\" content=\"article\" \/>\n<meta property=\"og:title\" content=\"Yasal Uyar\u0131 | green-ivf | Kinderwunsch-Zentrum in NRW\" \/>\n<meta property=\"og:description\" content=\"Yasal Uyar\u0131 1. \u00c7evrimi\u00e7i \u0130\u00e7erik Yazar, sa\u011flanan bilgilerin g\u00fcncelli\u011fi, do\u011frulu\u011fu, eksiksizli\u011fi veya kalitesi konusunda hi\u00e7bir garanti vermemektedir. Yazar\u0131n kas\u0131tl\u0131 veya [&hellip;]\" \/>\n<meta property=\"og:url\" content=\"https:\/\/www.green-ivf.de\/tr\/yasal-uyari\/\" \/>\n<meta property=\"og:site_name\" content=\"green-ivf | Kinderwunsch-Zentrum in NRW\" \/>\n<meta property=\"article:modified_time\" content=\"2025-09-13T15:42:17+00:00\" \/>\n<meta name=\"twitter:card\" content=\"summary_large_image\" \/>\n<meta name=\"twitter:label1\" content=\"Tahmini okuma s\u00fcresi\" \/>\n\t<meta name=\"twitter:data1\" content=\"4 dakika\" \/>\n<script type=\"application\/ld+json\" class=\"yoast-schema-graph\">{\"@context\":\"https:\\\/\\\/schema.org\",\"@graph\":[{\"@type\":\"WebPage\",\"@id\":\"https:\\\/\\\/www.green-ivf.de\\\/tr\\\/yasal-uyari\\\/\",\"url\":\"https:\\\/\\\/www.green-ivf.de\\\/tr\\\/yasal-uyari\\\/\",\"name\":\"Yasal Uyar\u0131 | green-ivf | Kinderwunsch-Zentrum in NRW\",\"isPartOf\":{\"@id\":\"https:\\\/\\\/www.green-ivf.de\\\/tr\\\/#website\"},\"datePublished\":\"2024-11-11T08:52:14+00:00\",\"dateModified\":\"2025-09-13T15:42:17+00:00\",\"breadcrumb\":{\"@id\":\"https:\\\/\\\/www.green-ivf.de\\\/tr\\\/yasal-uyari\\\/#breadcrumb\"},\"inLanguage\":\"tr\",\"potentialAction\":[{\"@type\":\"ReadAction\",\"target\":[\"https:\\\/\\\/www.green-ivf.de\\\/tr\\\/yasal-uyari\\\/\"]}]},{\"@type\":\"BreadcrumbList\",\"@id\":\"https:\\\/\\\/www.green-ivf.de\\\/tr\\\/yasal-uyari\\\/#breadcrumb\",\"itemListElement\":[{\"@type\":\"ListItem\",\"position\":1,\"name\":\"Startseite\",\"item\":\"https:\\\/\\\/www.green-ivf.de\\\/tr\\\/ana-sayfa\\\/\"},{\"@type\":\"ListItem\",\"position\":2,\"name\":\"Yasal Uyar\u0131\"}]},{\"@type\":\"WebSite\",\"@id\":\"https:\\\/\\\/www.green-ivf.de\\\/tr\\\/#website\",\"url\":\"https:\\\/\\\/www.green-ivf.de\\\/tr\\\/\",\"name\":\"green-ivf | Kinderwunsch-Zentrum in NRW\",\"description\":\"Praxisklinik f\u00fcr Reproduktionsmedizin und Endokrinologie |\",\"publisher\":{\"@id\":\"https:\\\/\\\/www.green-ivf.de\\\/tr\\\/#organization\"},\"alternateName\":\"Kinderwunschzentrum in NRW\",\"potentialAction\":[{\"@type\":\"SearchAction\",\"target\":{\"@type\":\"EntryPoint\",\"urlTemplate\":\"https:\\\/\\\/www.green-ivf.de\\\/tr\\\/?s={search_term_string}\"},\"query-input\":{\"@type\":\"PropertyValueSpecification\",\"valueRequired\":true,\"valueName\":\"search_term_string\"}}],\"inLanguage\":\"tr\"},{\"@type\":\"Organization\",\"@id\":\"https:\\\/\\\/www.green-ivf.de\\\/tr\\\/#organization\",\"name\":\"Greevenbroicher Endokrinologie- & IVF-Zentrum\",\"alternateName\":\"green-ivf: Praxisklinik f\u00fcr Reproduktionsmedizin und Endokrinologie (BAG)\",\"url\":\"https:\\\/\\\/www.green-ivf.de\\\/tr\\\/\",\"logo\":{\"@type\":\"ImageObject\",\"inLanguage\":\"tr\",\"@id\":\"https:\\\/\\\/www.green-ivf.de\\\/tr\\\/#\\\/schema\\\/logo\\\/image\\\/\",\"url\":\"https:\\\/\\\/www.green-ivf.de\\\/wp-content\\\/uploads\\\/2024\\\/11\\\/cropped-Green-ivf-Grevenbroicher-Endokrinologie-ivf-Zentrum-fav.png\",\"contentUrl\":\"https:\\\/\\\/www.green-ivf.de\\\/wp-content\\\/uploads\\\/2024\\\/11\\\/cropped-Green-ivf-Grevenbroicher-Endokrinologie-ivf-Zentrum-fav.png\",\"width\":512,\"height\":512,\"caption\":\"Greevenbroicher Endokrinologie- & IVF-Zentrum\"},\"image\":{\"@id\":\"https:\\\/\\\/www.green-ivf.de\\\/tr\\\/#\\\/schema\\\/logo\\\/image\\\/\"}}]}<\/script>\n<!-- \/ Yoast SEO plugin. -->","yoast_head_json":{"title":"Yasal Uyar\u0131 | green-ivf | Kinderwunsch-Zentrum in NRW","robots":{"index":"index","follow":"follow","max-snippet":"max-snippet:-1","max-image-preview":"max-image-preview:large","max-video-preview":"max-video-preview:-1"},"canonical":"https:\/\/www.green-ivf.de\/tr\/yasal-uyari\/","og_locale":"tr_TR","og_type":"article","og_title":"Yasal Uyar\u0131 | green-ivf | Kinderwunsch-Zentrum in NRW","og_description":"Yasal Uyar\u0131 1. \u00c7evrimi\u00e7i \u0130\u00e7erik Yazar, sa\u011flanan bilgilerin g\u00fcncelli\u011fi, do\u011frulu\u011fu, eksiksizli\u011fi veya kalitesi konusunda hi\u00e7bir garanti vermemektedir. Yazar\u0131n kas\u0131tl\u0131 veya [&hellip;]","og_url":"https:\/\/www.green-ivf.de\/tr\/yasal-uyari\/","og_site_name":"green-ivf | Kinderwunsch-Zentrum in NRW","article_modified_time":"2025-09-13T15:42:17+00:00","twitter_card":"summary_large_image","twitter_misc":{"Tahmini okuma s\u00fcresi":"4 dakika"},"schema":{"@context":"https:\/\/schema.org","@graph":[{"@type":"WebPage","@id":"https:\/\/www.green-ivf.de\/tr\/yasal-uyari\/","url":"https:\/\/www.green-ivf.de\/tr\/yasal-uyari\/","name":"Yasal Uyar\u0131 | green-ivf | Kinderwunsch-Zentrum in NRW","isPartOf":{"@id":"https:\/\/www.green-ivf.de\/tr\/#website"},"datePublished":"2024-11-11T08:52:14+00:00","dateModified":"2025-09-13T15:42:17+00:00","breadcrumb":{"@id":"https:\/\/www.green-ivf.de\/tr\/yasal-uyari\/#breadcrumb"},"inLanguage":"tr","potentialAction":[{"@type":"ReadAction","target":["https:\/\/www.green-ivf.de\/tr\/yasal-uyari\/"]}]},{"@type":"BreadcrumbList","@id":"https:\/\/www.green-ivf.de\/tr\/yasal-uyari\/#breadcrumb","itemListElement":[{"@type":"ListItem","position":1,"name":"Startseite","item":"https:\/\/www.green-ivf.de\/tr\/ana-sayfa\/"},{"@type":"ListItem","position":2,"name":"Yasal Uyar\u0131"}]},{"@type":"WebSite","@id":"https:\/\/www.green-ivf.de\/tr\/#website","url":"https:\/\/www.green-ivf.de\/tr\/","name":"green-ivf | Kinderwunsch-Zentrum in NRW","description":"Praxisklinik f\u00fcr Reproduktionsmedizin und Endokrinologie |","publisher":{"@id":"https:\/\/www.green-ivf.de\/tr\/#organization"},"alternateName":"Kinderwunschzentrum in NRW","potentialAction":[{"@type":"SearchAction","target":{"@type":"EntryPoint","urlTemplate":"https:\/\/www.green-ivf.de\/tr\/?s={search_term_string}"},"query-input":{"@type":"PropertyValueSpecification","valueRequired":true,"valueName":"search_term_string"}}],"inLanguage":"tr"},{"@type":"Organization","@id":"https:\/\/www.green-ivf.de\/tr\/#organization","name":"Greevenbroicher Endokrinologie- & IVF-Zentrum","alternateName":"green-ivf: Praxisklinik f\u00fcr Reproduktionsmedizin und Endokrinologie (BAG)","url":"https:\/\/www.green-ivf.de\/tr\/","logo":{"@type":"ImageObject","inLanguage":"tr","@id":"https:\/\/www.green-ivf.de\/tr\/#\/schema\/logo\/image\/","url":"https:\/\/www.green-ivf.de\/wp-content\/uploads\/2024\/11\/cropped-Green-ivf-Grevenbroicher-Endokrinologie-ivf-Zentrum-fav.png","contentUrl":"https:\/\/www.green-ivf.de\/wp-content\/uploads\/2024\/11\/cropped-Green-ivf-Grevenbroicher-Endokrinologie-ivf-Zentrum-fav.png","width":512,"height":512,"caption":"Greevenbroicher Endokrinologie- & IVF-Zentrum"},"image":{"@id":"https:\/\/www.green-ivf.de\/tr\/#\/schema\/logo\/image\/"}}]}},"_links":{"self":[{"href":"https:\/\/www.green-ivf.de\/tr\/wp-json\/wp\/v2\/pages\/5448","targetHints":{"allow":["GET"]}}],"collection":[{"href":"https:\/\/www.green-ivf.de\/tr\/wp-json\/wp\/v2\/pages"}],"about":[{"href":"https:\/\/www.green-ivf.de\/tr\/wp-json\/wp\/v2\/types\/page"}],"author":[{"embeddable":true,"href":"https:\/\/www.green-ivf.de\/tr\/wp-json\/wp\/v2\/users\/1"}],"replies":[{"embeddable":true,"href":"https:\/\/www.green-ivf.de\/tr\/wp-json\/wp\/v2\/comments?post=5448"}],"version-history":[{"count":0,"href":"https:\/\/www.green-ivf.de\/tr\/wp-json\/wp\/v2\/pages\/5448\/revisions"}],"wp:attachment":[{"href":"https:\/\/www.green-ivf.de\/tr\/wp-json\/wp\/v2\/media?parent=5448"}],"curies":[{"name":"wp","href":"https:\/\/api.w.org\/{rel}","templated":true}]}}