{"id":5434,"date":"2024-11-10T13:43:19","date_gmt":"2024-11-10T13:43:19","guid":{"rendered":"https:\/\/www.green-ivf.de\/kuenye\/"},"modified":"2025-09-13T15:41:37","modified_gmt":"2025-09-13T15:41:37","slug":"kuenye","status":"publish","type":"page","link":"https:\/\/www.green-ivf.de\/tr\/kuenye\/","title":{"rendered":"K\u00fcnye"},"content":{"rendered":"\t\t<div data-elementor-type=\"wp-page\" data-elementor-id=\"5434\" class=\"elementor elementor-5434 elementor-35\" data-elementor-settings=\"{&quot;ha_cmc_init_switcher&quot;:&quot;no&quot;}\" data-elementor-post-type=\"page\">\n\t\t\t\t<div class=\"elementor-element elementor-element-227398a6 e-flex e-con-boxed e-con e-parent\" data-id=\"227398a6\" data-element_type=\"container\" data-e-type=\"container\" data-settings=\"{&quot;_ha_eqh_enable&quot;:false}\">\n\t\t\t\t\t<div class=\"e-con-inner\">\n\t\t\t\t<div class=\"elementor-element elementor-element-98dff90 elementor-widget elementor-widget-heading\" data-id=\"98dff90\" data-element_type=\"widget\" data-e-type=\"widget\" data-widget_type=\"heading.default\">\n\t\t\t\t<div class=\"elementor-widget-container\">\n\t\t\t\t\t<h2 class=\"elementor-heading-title elementor-size-default\">K\u00fcnye<\/h2>\t\t\t\t<\/div>\n\t\t\t\t<\/div>\n\t\t\t\t<div class=\"elementor-element elementor-element-3a87ca85 elementor-widget elementor-widget-text-editor\" data-id=\"3a87ca85\" data-element_type=\"widget\" data-e-type=\"widget\" data-widget_type=\"text-editor.default\">\n\t\t\t\t<div class=\"elementor-widget-container\">\n\t\t\t\t\t\t\t\t\t<p><strong>green-ivf \u2013 Ortak Muayenehane<\/strong><br>\u00dcreme T\u0131bb\u0131 ve Endokrinoloji<br>Rheydter Stra\u00dfe 143<br>41515 Grevenbroich<br>Tel.: +49 (0) 2181\/4915-0<br>Faks: +49 (0) 2181\/4915-34<br>E-posta: <a href=\"mailto:praxis@green-ivf.de\">praxis@green-ivf.de<\/a><\/p><p><strong>Sahipler:<\/strong><br>Dr. Nina Bachmann, Prof. Dr. Christian Gnoth, Dr. Daniel Fehr<\/p><p>Vergi numaras\u0131: 114\/5943\/4305<\/p><p>Hekim unvan\u0131 ve Kad\u0131n Hastal\u0131klar\u0131 ve Do\u011fum Uzman\u0131 unvan\u0131, ortak muayenehanedeki hekimlere Almanya&#8217;da verilmi\u015ftir. Bu unvanlar, y\u00fcr\u00fcrl\u00fckteki versiyonlar\u0131yla a\u015fa\u011f\u0131daki mesleki d\u00fczenlemelere tabidir: <\/p><ul><li>30.4.1993 tarihli bildirim versiyonunda 2.10.1968 tarihli Federal Hekimlik Yasas\u0131 (BGBI.I S. 512 ff.)<\/li><li>16.5.2000 tarihli Kuzey Ren-Vestfalya Eyaleti Sa\u011fl\u0131k Meslekleri Yasas\u0131 (GV. NW 2000, S. 403 ff.)<\/li><li>9.5.1998 tarihli <a href=\"https:\/\/www.aekno.de\/\" target=\"_blank\" rel=\"noopener\">Kuzey Ren Tabipler Odas\u0131<\/a> Mesleki Y\u00f6netmeli\u011fi<\/li><\/ul><p>Ortak muayenehanedeki hekimler, denetleyici kurum olarak da g\u00f6rev yapan <a href=\"https:\/\/www.aekno.de\/\" target=\"_blank\" rel=\"noopener\">Kuzey Ren Tabipler Odas\u0131<\/a>&#8216;n\u0131n \u00fcyesidir.<\/p><p>T\u0131bbi Cihaz G\u00fcvenli\u011fi Sorumlusunun (MPBetreibV) e-posta adresi: <a href=\"mailto:medizinproduktesicherheit@green-ivf.de\">medizinproduktesicherheit@green-ivf.de<\/a>.<\/p><p>green-ivf.de taraf\u0131ndan olu\u015fturulan nesnelerin telif ve marka haklar\u0131 m\u00fcnhas\u0131ran yarat\u0131c\u0131s\u0131na aittir. Bu t\u00fcr grafiklerin veya metinlerin di\u011fer elektronik veya bas\u0131l\u0131 yay\u0131nlarda \u00e7o\u011falt\u0131lmas\u0131, green-ivf.de&#8217;nin a\u00e7\u0131k izni olmadan yasakt\u0131r. <\/p>\t\t\t\t\t\t\t\t<\/div>\n\t\t\t\t<\/div>\n\t\t\t\t\t<\/div>\n\t\t\t\t<\/div>\n\t\t\t\t<\/div>\n\t\t","protected":false},"excerpt":{"rendered":"<p>K\u00fcnye green-ivf \u2013 Ortak Muayenehane\u00dcreme T\u0131bb\u0131 ve EndokrinolojiRheydter Stra\u00dfe 14341515 GrevenbroichTel.: +49 (0) 2181\/4915-0Faks: +49 (0) 2181\/4915-34E-posta: praxis@green-ivf.de Sahipler:Dr. Nina [&hellip;]<\/p>\n","protected":false},"author":1,"featured_media":0,"parent":0,"menu_order":99,"comment_status":"closed","ping_status":"closed","template":"","meta":{"site-sidebar-layout":"default","site-content-layout":"","ast-site-content-layout":"default","site-content-style":"default","site-sidebar-style":"default","ast-global-header-display":"","ast-banner-title-visibility":"","ast-main-header-display":"","ast-hfb-above-header-display":"","ast-hfb-below-header-display":"","ast-hfb-mobile-header-display":"","site-post-title":"","ast-breadcrumbs-content":"","ast-featured-img":"","footer-sml-layout":"","ast-disable-related-posts":"","theme-transparent-header-meta":"","adv-header-id-meta":"","stick-header-meta":"","header-above-stick-meta":"","header-main-stick-meta":"","header-below-stick-meta":"","astra-migrate-meta-layouts":"default","ast-page-background-enabled":"default","ast-page-background-meta":{"desktop":{"background-color":"var(--ast-global-color-4)","background-image":"","background-repeat":"repeat","background-position":"center center","background-size":"auto","background-attachment":"scroll","background-type":"","background-media":"","overlay-type":"","overlay-color":"","overlay-opacity":"","overlay-gradient":""},"tablet":{"background-color":"","background-image":"","background-repeat":"repeat","background-position":"center center","background-size":"auto","background-attachment":"scroll","background-type":"","background-media":"","overlay-type":"","overlay-color":"","overlay-opacity":"","overlay-gradient":""},"mobile":{"background-color":"","background-image":"","background-repeat":"repeat","background-position":"center center","background-size":"auto","background-attachment":"scroll","background-type":"","background-media":"","overlay-type":"","overlay-color":"","overlay-opacity":"","overlay-gradient":""}},"ast-content-background-meta":{"desktop":{"background-color":"var(--ast-global-color-5)","background-image":"","background-repeat":"repeat","background-position":"center center","background-size":"auto","background-attachment":"scroll","background-type":"","background-media":"","overlay-type":"","overlay-color":"","overlay-opacity":"","overlay-gradient":""},"tablet":{"background-color":"var(--ast-global-color-5)","background-image":"","background-repeat":"repeat","background-position":"center center","background-size":"auto","background-attachment":"scroll","background-type":"","background-media":"","overlay-type":"","overlay-color":"","overlay-opacity":"","overlay-gradient":""},"mobile":{"background-color":"var(--ast-global-color-5)","background-image":"","background-repeat":"repeat","background-position":"center center","background-size":"auto","background-attachment":"scroll","background-type":"","background-media":"","overlay-type":"","overlay-color":"","overlay-opacity":"","overlay-gradient":""}},"iawp_total_views":1,"footnotes":""},"class_list":["post-5434","page","type-page","status-publish","hentry"],"yoast_head":"<!-- This site is optimized with the Yoast SEO plugin v27.3 - https:\/\/yoast.com\/product\/yoast-seo-wordpress\/ -->\n<title>K\u00fcnye | green-ivf | Kinderwunsch-Zentrum in NRW<\/title>\n<meta name=\"robots\" content=\"index, follow, max-snippet:-1, max-image-preview:large, max-video-preview:-1\" \/>\n<link rel=\"canonical\" href=\"https:\/\/www.green-ivf.de\/tr\/kuenye\/\" \/>\n<meta property=\"og:locale\" content=\"tr_TR\" \/>\n<meta property=\"og:type\" content=\"article\" \/>\n<meta property=\"og:title\" content=\"K\u00fcnye | green-ivf | Kinderwunsch-Zentrum in NRW\" \/>\n<meta property=\"og:description\" content=\"K\u00fcnye green-ivf \u2013 Ortak Muayenehane\u00dcreme T\u0131bb\u0131 ve EndokrinolojiRheydter Stra\u00dfe 14341515 GrevenbroichTel.: +49 (0) 2181\/4915-0Faks: +49 (0) 2181\/4915-34E-posta: praxis@green-ivf.de Sahipler:Dr. Nina [&hellip;]\" \/>\n<meta property=\"og:url\" content=\"https:\/\/www.green-ivf.de\/tr\/kuenye\/\" \/>\n<meta property=\"og:site_name\" content=\"green-ivf | Kinderwunsch-Zentrum in NRW\" \/>\n<meta property=\"article:modified_time\" content=\"2025-09-13T15:41:37+00:00\" \/>\n<meta name=\"twitter:card\" content=\"summary_large_image\" \/>\n<meta name=\"twitter:label1\" content=\"Tahmini okuma s\u00fcresi\" \/>\n\t<meta name=\"twitter:data1\" content=\"1 dakika\" \/>\n<script type=\"application\/ld+json\" class=\"yoast-schema-graph\">{\"@context\":\"https:\\\/\\\/schema.org\",\"@graph\":[{\"@type\":\"WebPage\",\"@id\":\"https:\\\/\\\/www.green-ivf.de\\\/tr\\\/kuenye\\\/\",\"url\":\"https:\\\/\\\/www.green-ivf.de\\\/tr\\\/kuenye\\\/\",\"name\":\"K\u00fcnye | green-ivf | Kinderwunsch-Zentrum in NRW\",\"isPartOf\":{\"@id\":\"https:\\\/\\\/www.green-ivf.de\\\/tr\\\/#website\"},\"datePublished\":\"2024-11-10T13:43:19+00:00\",\"dateModified\":\"2025-09-13T15:41:37+00:00\",\"breadcrumb\":{\"@id\":\"https:\\\/\\\/www.green-ivf.de\\\/tr\\\/kuenye\\\/#breadcrumb\"},\"inLanguage\":\"tr\",\"potentialAction\":[{\"@type\":\"ReadAction\",\"target\":[\"https:\\\/\\\/www.green-ivf.de\\\/tr\\\/kuenye\\\/\"]}]},{\"@type\":\"BreadcrumbList\",\"@id\":\"https:\\\/\\\/www.green-ivf.de\\\/tr\\\/kuenye\\\/#breadcrumb\",\"itemListElement\":[{\"@type\":\"ListItem\",\"position\":1,\"name\":\"Startseite\",\"item\":\"https:\\\/\\\/www.green-ivf.de\\\/tr\\\/ana-sayfa\\\/\"},{\"@type\":\"ListItem\",\"position\":2,\"name\":\"K\u00fcnye\"}]},{\"@type\":\"WebSite\",\"@id\":\"https:\\\/\\\/www.green-ivf.de\\\/tr\\\/#website\",\"url\":\"https:\\\/\\\/www.green-ivf.de\\\/tr\\\/\",\"name\":\"green-ivf | Kinderwunsch-Zentrum in NRW\",\"description\":\"Praxisklinik f\u00fcr Reproduktionsmedizin und Endokrinologie |\",\"publisher\":{\"@id\":\"https:\\\/\\\/www.green-ivf.de\\\/tr\\\/#organization\"},\"alternateName\":\"Kinderwunschzentrum in NRW\",\"potentialAction\":[{\"@type\":\"SearchAction\",\"target\":{\"@type\":\"EntryPoint\",\"urlTemplate\":\"https:\\\/\\\/www.green-ivf.de\\\/tr\\\/?s={search_term_string}\"},\"query-input\":{\"@type\":\"PropertyValueSpecification\",\"valueRequired\":true,\"valueName\":\"search_term_string\"}}],\"inLanguage\":\"tr\"},{\"@type\":\"Organization\",\"@id\":\"https:\\\/\\\/www.green-ivf.de\\\/tr\\\/#organization\",\"name\":\"Greevenbroicher Endokrinologie- & IVF-Zentrum\",\"alternateName\":\"green-ivf: Praxisklinik f\u00fcr Reproduktionsmedizin und Endokrinologie (BAG)\",\"url\":\"https:\\\/\\\/www.green-ivf.de\\\/tr\\\/\",\"logo\":{\"@type\":\"ImageObject\",\"inLanguage\":\"tr\",\"@id\":\"https:\\\/\\\/www.green-ivf.de\\\/tr\\\/#\\\/schema\\\/logo\\\/image\\\/\",\"url\":\"https:\\\/\\\/www.green-ivf.de\\\/wp-content\\\/uploads\\\/2024\\\/11\\\/cropped-Green-ivf-Grevenbroicher-Endokrinologie-ivf-Zentrum-fav.png\",\"contentUrl\":\"https:\\\/\\\/www.green-ivf.de\\\/wp-content\\\/uploads\\\/2024\\\/11\\\/cropped-Green-ivf-Grevenbroicher-Endokrinologie-ivf-Zentrum-fav.png\",\"width\":512,\"height\":512,\"caption\":\"Greevenbroicher Endokrinologie- & IVF-Zentrum\"},\"image\":{\"@id\":\"https:\\\/\\\/www.green-ivf.de\\\/tr\\\/#\\\/schema\\\/logo\\\/image\\\/\"}}]}<\/script>\n<!-- \/ Yoast SEO plugin. -->","yoast_head_json":{"title":"K\u00fcnye | green-ivf | Kinderwunsch-Zentrum in NRW","robots":{"index":"index","follow":"follow","max-snippet":"max-snippet:-1","max-image-preview":"max-image-preview:large","max-video-preview":"max-video-preview:-1"},"canonical":"https:\/\/www.green-ivf.de\/tr\/kuenye\/","og_locale":"tr_TR","og_type":"article","og_title":"K\u00fcnye | green-ivf | Kinderwunsch-Zentrum in NRW","og_description":"K\u00fcnye green-ivf \u2013 Ortak Muayenehane\u00dcreme T\u0131bb\u0131 ve EndokrinolojiRheydter Stra\u00dfe 14341515 GrevenbroichTel.: +49 (0) 2181\/4915-0Faks: +49 (0) 2181\/4915-34E-posta: praxis@green-ivf.de Sahipler:Dr. Nina [&hellip;]","og_url":"https:\/\/www.green-ivf.de\/tr\/kuenye\/","og_site_name":"green-ivf | Kinderwunsch-Zentrum in NRW","article_modified_time":"2025-09-13T15:41:37+00:00","twitter_card":"summary_large_image","twitter_misc":{"Tahmini okuma s\u00fcresi":"1 dakika"},"schema":{"@context":"https:\/\/schema.org","@graph":[{"@type":"WebPage","@id":"https:\/\/www.green-ivf.de\/tr\/kuenye\/","url":"https:\/\/www.green-ivf.de\/tr\/kuenye\/","name":"K\u00fcnye | green-ivf | Kinderwunsch-Zentrum in NRW","isPartOf":{"@id":"https:\/\/www.green-ivf.de\/tr\/#website"},"datePublished":"2024-11-10T13:43:19+00:00","dateModified":"2025-09-13T15:41:37+00:00","breadcrumb":{"@id":"https:\/\/www.green-ivf.de\/tr\/kuenye\/#breadcrumb"},"inLanguage":"tr","potentialAction":[{"@type":"ReadAction","target":["https:\/\/www.green-ivf.de\/tr\/kuenye\/"]}]},{"@type":"BreadcrumbList","@id":"https:\/\/www.green-ivf.de\/tr\/kuenye\/#breadcrumb","itemListElement":[{"@type":"ListItem","position":1,"name":"Startseite","item":"https:\/\/www.green-ivf.de\/tr\/ana-sayfa\/"},{"@type":"ListItem","position":2,"name":"K\u00fcnye"}]},{"@type":"WebSite","@id":"https:\/\/www.green-ivf.de\/tr\/#website","url":"https:\/\/www.green-ivf.de\/tr\/","name":"green-ivf | Kinderwunsch-Zentrum in NRW","description":"Praxisklinik f\u00fcr Reproduktionsmedizin und Endokrinologie |","publisher":{"@id":"https:\/\/www.green-ivf.de\/tr\/#organization"},"alternateName":"Kinderwunschzentrum in NRW","potentialAction":[{"@type":"SearchAction","target":{"@type":"EntryPoint","urlTemplate":"https:\/\/www.green-ivf.de\/tr\/?s={search_term_string}"},"query-input":{"@type":"PropertyValueSpecification","valueRequired":true,"valueName":"search_term_string"}}],"inLanguage":"tr"},{"@type":"Organization","@id":"https:\/\/www.green-ivf.de\/tr\/#organization","name":"Greevenbroicher Endokrinologie- & IVF-Zentrum","alternateName":"green-ivf: Praxisklinik f\u00fcr Reproduktionsmedizin und Endokrinologie (BAG)","url":"https:\/\/www.green-ivf.de\/tr\/","logo":{"@type":"ImageObject","inLanguage":"tr","@id":"https:\/\/www.green-ivf.de\/tr\/#\/schema\/logo\/image\/","url":"https:\/\/www.green-ivf.de\/wp-content\/uploads\/2024\/11\/cropped-Green-ivf-Grevenbroicher-Endokrinologie-ivf-Zentrum-fav.png","contentUrl":"https:\/\/www.green-ivf.de\/wp-content\/uploads\/2024\/11\/cropped-Green-ivf-Grevenbroicher-Endokrinologie-ivf-Zentrum-fav.png","width":512,"height":512,"caption":"Greevenbroicher Endokrinologie- & IVF-Zentrum"},"image":{"@id":"https:\/\/www.green-ivf.de\/tr\/#\/schema\/logo\/image\/"}}]}},"_links":{"self":[{"href":"https:\/\/www.green-ivf.de\/tr\/wp-json\/wp\/v2\/pages\/5434","targetHints":{"allow":["GET"]}}],"collection":[{"href":"https:\/\/www.green-ivf.de\/tr\/wp-json\/wp\/v2\/pages"}],"about":[{"href":"https:\/\/www.green-ivf.de\/tr\/wp-json\/wp\/v2\/types\/page"}],"author":[{"embeddable":true,"href":"https:\/\/www.green-ivf.de\/tr\/wp-json\/wp\/v2\/users\/1"}],"replies":[{"embeddable":true,"href":"https:\/\/www.green-ivf.de\/tr\/wp-json\/wp\/v2\/comments?post=5434"}],"version-history":[{"count":0,"href":"https:\/\/www.green-ivf.de\/tr\/wp-json\/wp\/v2\/pages\/5434\/revisions"}],"wp:attachment":[{"href":"https:\/\/www.green-ivf.de\/tr\/wp-json\/wp\/v2\/media?parent=5434"}],"curies":[{"name":"wp","href":"https:\/\/api.w.org\/{rel}","templated":true}]}}