{"id":5386,"date":"2024-12-07T12:47:22","date_gmt":"2024-12-07T12:47:22","guid":{"rendered":"https:\/\/www.green-ivf.de\/guencel\/"},"modified":"2026-04-03T22:12:26","modified_gmt":"2026-04-03T22:12:26","slug":"guencel","status":"publish","type":"page","link":"https:\/\/www.green-ivf.de\/tr\/klinik\/guencel\/","title":{"rendered":"G\u00fcncel"},"content":{"rendered":"\t\t<div data-elementor-type=\"wp-page\" data-elementor-id=\"5386\" class=\"elementor elementor-5386 elementor-1109\" data-elementor-settings=\"{&quot;ha_cmc_init_switcher&quot;:&quot;no&quot;}\" data-elementor-post-type=\"page\">\n\t\t\t\t<div class=\"elementor-element elementor-element-3ae8abb e-con-full e-flex e-con e-parent\" data-id=\"3ae8abb\" data-element_type=\"container\" data-e-type=\"container\" data-settings=\"{&quot;background_background&quot;:&quot;classic&quot;,&quot;_ha_eqh_enable&quot;:false}\">\n\t\t\t\t<div class=\"elementor-element elementor-element-a8134f0 elementor-align-right elementor-mobile-align-left elementor-widget elementor-widget-breadcrumbs\" data-id=\"a8134f0\" data-element_type=\"widget\" data-e-type=\"widget\" data-widget_type=\"breadcrumbs.default\">\n\t\t\t\t<div class=\"elementor-widget-container\">\n\t\t\t\t\t<p id=\"breadcrumbs\"><span><span><a href=\"https:\/\/www.green-ivf.de\/tr\/ana-sayfa\/\">Startseite<\/a><\/span><\/span><\/p>\t\t\t\t<\/div>\n\t\t\t\t<\/div>\n\t\t\t\t<\/div>\n\t\t<div class=\"elementor-element elementor-element-8f61fa3 e-flex e-con-boxed e-con e-parent\" data-id=\"8f61fa3\" data-element_type=\"container\" data-e-type=\"container\" data-settings=\"{&quot;background_background&quot;:&quot;classic&quot;,&quot;_ha_eqh_enable&quot;:false}\">\n\t\t\t\t\t<div class=\"e-con-inner\">\n\t\t<div class=\"elementor-element elementor-element-9858950 e-con-full e-flex e-con e-child\" data-id=\"9858950\" data-element_type=\"container\" data-e-type=\"container\" data-settings=\"{&quot;background_background&quot;:&quot;classic&quot;,&quot;_ha_eqh_enable&quot;:false}\">\n\t\t\t\t<div class=\"elementor-element elementor-element-617f58f elementor-widget elementor-widget-heading\" data-id=\"617f58f\" data-element_type=\"widget\" data-e-type=\"widget\" data-widget_type=\"heading.default\">\n\t\t\t\t<div class=\"elementor-widget-container\">\n\t\t\t\t\t<h1 class=\"elementor-heading-title elementor-size-default\">G\u00fcncel  Faydal\u0131 Bilgiler<\/h1>\t\t\t\t<\/div>\n\t\t\t\t<\/div>\n\t\t\t\t<div class=\"elementor-element elementor-element-f8a21aa elementor-widget elementor-widget-text-editor\" data-id=\"f8a21aa\" data-element_type=\"widget\" data-e-type=\"widget\" data-widget_type=\"text-editor.default\">\n\t\t\t\t<div class=\"elementor-widget-container\">\n\t\t\t\t\t\t\t\t\t<p>Bilgili kal\u0131n: Burada \u00fcreme t\u0131bb\u0131, hormonal bozukluklar ve t\u00fcp bebek tedavilerimiz hakk\u0131nda g\u00fcncel haberler, t\u0131bbi g\u00fcncellemeler, etkinlik duyurular\u0131 ve faydal\u0131 bilgiler bulabilirsiniz. Klini\u011fimizdeki yeni tedaviler, ara\u015ft\u0131rma sonu\u00e7lar\u0131 ve geli\u015fmeler hakk\u0131nda daha fazla bilgi edinin \u2013 bebe\u011finize kavu\u015fma yolculu\u011funuzda en iyi \u015fekilde bilgilendirilmi\u015f olun. <\/p>\t\t\t\t\t\t\t\t<\/div>\n\t\t\t\t<\/div>\n\t\t\t\t<\/div>\n\t\t\t\t\t<\/div>\n\t\t\t\t<\/div>\n\t\t\t\t<\/div>\n\t\t","protected":false},"excerpt":{"rendered":"<p>G\u00fcncel Faydal\u0131 Bilgiler Bilgili kal\u0131n: Burada \u00fcreme t\u0131bb\u0131, hormonal bozukluklar ve t\u00fcp bebek tedavilerimiz hakk\u0131nda g\u00fcncel haberler, t\u0131bbi g\u00fcncellemeler, etkinlik [&hellip;]<\/p>\n","protected":false},"author":1,"featured_media":5387,"parent":5424,"menu_order":5,"comment_status":"closed","ping_status":"closed","template":"elementor_header_footer","meta":{"site-sidebar-layout":"no-sidebar","site-content-layout":"","ast-site-content-layout":"full-width-container","site-content-style":"default","site-sidebar-style":"default","ast-global-header-display":"","ast-banner-title-visibility":"","ast-main-header-display":"","ast-hfb-above-header-display":"","ast-hfb-below-header-display":"","ast-hfb-mobile-header-display":"","site-post-title":"disabled","ast-breadcrumbs-content":"","ast-featured-img":"disabled","footer-sml-layout":"","ast-disable-related-posts":"","theme-transparent-header-meta":"","adv-header-id-meta":"","stick-header-meta":"","header-above-stick-meta":"","header-main-stick-meta":"","header-below-stick-meta":"","astra-migrate-meta-layouts":"default","ast-page-background-enabled":"default","ast-page-background-meta":{"desktop":{"background-color":"var(--ast-global-color-4)","background-image":"","background-repeat":"repeat","background-position":"center center","background-size":"auto","background-attachment":"scroll","background-type":"","background-media":"","overlay-type":"","overlay-color":"","overlay-opacity":"","overlay-gradient":""},"tablet":{"background-color":"","background-image":"","background-repeat":"repeat","background-position":"center center","background-size":"auto","background-attachment":"scroll","background-type":"","background-media":"","overlay-type":"","overlay-color":"","overlay-opacity":"","overlay-gradient":""},"mobile":{"background-color":"","background-image":"","background-repeat":"repeat","background-position":"center center","background-size":"auto","background-attachment":"scroll","background-type":"","background-media":"","overlay-type":"","overlay-color":"","overlay-opacity":"","overlay-gradient":""}},"ast-content-background-meta":{"desktop":{"background-color":"var(--ast-global-color-5)","background-image":"","background-repeat":"repeat","background-position":"center center","background-size":"auto","background-attachment":"scroll","background-type":"","background-media":"","overlay-type":"","overlay-color":"","overlay-opacity":"","overlay-gradient":""},"tablet":{"background-color":"var(--ast-global-color-5)","background-image":"","background-repeat":"repeat","background-position":"center center","background-size":"auto","background-attachment":"scroll","background-type":"","background-media":"","overlay-type":"","overlay-color":"","overlay-opacity":"","overlay-gradient":""},"mobile":{"background-color":"var(--ast-global-color-5)","background-image":"","background-repeat":"repeat","background-position":"center center","background-size":"auto","background-attachment":"scroll","background-type":"","background-media":"","overlay-type":"","overlay-color":"","overlay-opacity":"","overlay-gradient":""}},"iawp_total_views":40,"footnotes":""},"class_list":["post-5386","page","type-page","status-publish","has-post-thumbnail","hentry"],"yoast_head":"<!-- This site is optimized with the Yoast SEO plugin v27.3 - https:\/\/yoast.com\/product\/yoast-seo-wordpress\/ -->\n<title>G\u00fcncel | green-ivf | Kinderwunsch-Zentrum in NRW<\/title>\n<meta name=\"description\" content=\"T\u00fcp bebek klini\u011fimizden haberler: Tedaviler, ara\u015ft\u0131rmalar ve randevular hakk\u0131nda bilgiler \u2013 \u00fcreme t\u0131bb\u0131 hakk\u0131nda her zaman g\u00fcncel bilgiler.\" \/>\n<meta name=\"robots\" content=\"index, follow, max-snippet:-1, max-image-preview:large, max-video-preview:-1\" \/>\n<link rel=\"canonical\" href=\"https:\/\/www.green-ivf.de\/tr\/klinik\/guencel\/\" \/>\n<meta property=\"og:locale\" content=\"tr_TR\" \/>\n<meta property=\"og:type\" content=\"article\" \/>\n<meta property=\"og:title\" content=\"G\u00fcncel | green-ivf | Kinderwunsch-Zentrum in NRW\" \/>\n<meta property=\"og:description\" content=\"T\u00fcp bebek klini\u011fimizden haberler: Tedaviler, ara\u015ft\u0131rmalar ve randevular hakk\u0131nda bilgiler \u2013 \u00fcreme t\u0131bb\u0131 hakk\u0131nda her zaman g\u00fcncel bilgiler.\" \/>\n<meta property=\"og:url\" content=\"https:\/\/www.green-ivf.de\/tr\/klinik\/guencel\/\" \/>\n<meta property=\"og:site_name\" content=\"green-ivf | Kinderwunsch-Zentrum in NRW\" \/>\n<meta property=\"article:modified_time\" content=\"2026-04-03T22:12:26+00:00\" \/>\n<meta property=\"og:image\" content=\"https:\/\/www.green-ivf.de\/wp-content\/uploads\/2025\/04\/cropped-Green-ivf-Grevenbroicher-Endokrinologie-FAV-green-ivf-ab-2025-02.png\" \/>\n\t<meta property=\"og:image:width\" content=\"512\" \/>\n\t<meta property=\"og:image:height\" content=\"512\" \/>\n\t<meta property=\"og:image:type\" content=\"image\/png\" \/>\n<meta name=\"twitter:card\" content=\"summary_large_image\" \/>\n<script type=\"application\/ld+json\" class=\"yoast-schema-graph\">{\"@context\":\"https:\\\/\\\/schema.org\",\"@graph\":[{\"@type\":\"WebPage\",\"@id\":\"https:\\\/\\\/www.green-ivf.de\\\/tr\\\/klinik\\\/guencel\\\/\",\"url\":\"https:\\\/\\\/www.green-ivf.de\\\/tr\\\/klinik\\\/guencel\\\/\",\"name\":\"G\u00fcncel | green-ivf | Kinderwunsch-Zentrum in NRW\",\"isPartOf\":{\"@id\":\"https:\\\/\\\/www.green-ivf.de\\\/tr\\\/#website\"},\"primaryImageOfPage\":{\"@id\":\"https:\\\/\\\/www.green-ivf.de\\\/tr\\\/klinik\\\/guencel\\\/#primaryimage\"},\"image\":{\"@id\":\"https:\\\/\\\/www.green-ivf.de\\\/tr\\\/klinik\\\/guencel\\\/#primaryimage\"},\"thumbnailUrl\":\"https:\\\/\\\/www.green-ivf.de\\\/wp-content\\\/uploads\\\/2025\\\/04\\\/cropped-Green-ivf-Grevenbroicher-Endokrinologie-FAV-green-ivf-ab-2025-02.png\",\"datePublished\":\"2024-12-07T12:47:22+00:00\",\"dateModified\":\"2026-04-03T22:12:26+00:00\",\"description\":\"T\u00fcp bebek klini\u011fimizden haberler: Tedaviler, ara\u015ft\u0131rmalar ve randevular hakk\u0131nda bilgiler \u2013 \u00fcreme t\u0131bb\u0131 hakk\u0131nda her zaman g\u00fcncel bilgiler.\",\"breadcrumb\":{\"@id\":\"https:\\\/\\\/www.green-ivf.de\\\/tr\\\/klinik\\\/guencel\\\/#breadcrumb\"},\"inLanguage\":\"tr\",\"potentialAction\":[{\"@type\":\"ReadAction\",\"target\":[\"https:\\\/\\\/www.green-ivf.de\\\/tr\\\/klinik\\\/guencel\\\/\"]}]},{\"@type\":\"ImageObject\",\"inLanguage\":\"tr\",\"@id\":\"https:\\\/\\\/www.green-ivf.de\\\/tr\\\/klinik\\\/guencel\\\/#primaryimage\",\"url\":\"https:\\\/\\\/www.green-ivf.de\\\/wp-content\\\/uploads\\\/2025\\\/04\\\/cropped-Green-ivf-Grevenbroicher-Endokrinologie-FAV-green-ivf-ab-2025-02.png\",\"contentUrl\":\"https:\\\/\\\/www.green-ivf.de\\\/wp-content\\\/uploads\\\/2025\\\/04\\\/cropped-Green-ivf-Grevenbroicher-Endokrinologie-FAV-green-ivf-ab-2025-02.png\",\"width\":512,\"height\":512,\"caption\":\"Icon favicon Green-Ivf\"},{\"@type\":\"BreadcrumbList\",\"@id\":\"https:\\\/\\\/www.green-ivf.de\\\/tr\\\/klinik\\\/guencel\\\/#breadcrumb\",\"itemListElement\":[{\"@type\":\"ListItem\",\"position\":1,\"name\":\"Startseite\",\"item\":\"https:\\\/\\\/www.green-ivf.de\\\/tr\\\/ana-sayfa\\\/\"},{\"@type\":\"ListItem\",\"position\":2,\"name\":\"Klinik\",\"item\":\"https:\\\/\\\/www.green-ivf.de\\\/tr\\\/klinik\\\/\"},{\"@type\":\"ListItem\",\"position\":3,\"name\":\"G\u00fcncel\"}]},{\"@type\":\"WebSite\",\"@id\":\"https:\\\/\\\/www.green-ivf.de\\\/tr\\\/#website\",\"url\":\"https:\\\/\\\/www.green-ivf.de\\\/tr\\\/\",\"name\":\"green-ivf | Kinderwunsch-Zentrum in NRW\",\"description\":\"Praxisklinik f\u00fcr Reproduktionsmedizin und Endokrinologie |\",\"publisher\":{\"@id\":\"https:\\\/\\\/www.green-ivf.de\\\/tr\\\/#organization\"},\"alternateName\":\"Kinderwunschzentrum in NRW\",\"potentialAction\":[{\"@type\":\"SearchAction\",\"target\":{\"@type\":\"EntryPoint\",\"urlTemplate\":\"https:\\\/\\\/www.green-ivf.de\\\/tr\\\/?s={search_term_string}\"},\"query-input\":{\"@type\":\"PropertyValueSpecification\",\"valueRequired\":true,\"valueName\":\"search_term_string\"}}],\"inLanguage\":\"tr\"},{\"@type\":\"Organization\",\"@id\":\"https:\\\/\\\/www.green-ivf.de\\\/tr\\\/#organization\",\"name\":\"Greevenbroicher Endokrinologie- & IVF-Zentrum\",\"alternateName\":\"green-ivf: Praxisklinik f\u00fcr Reproduktionsmedizin und Endokrinologie (BAG)\",\"url\":\"https:\\\/\\\/www.green-ivf.de\\\/tr\\\/\",\"logo\":{\"@type\":\"ImageObject\",\"inLanguage\":\"tr\",\"@id\":\"https:\\\/\\\/www.green-ivf.de\\\/tr\\\/#\\\/schema\\\/logo\\\/image\\\/\",\"url\":\"https:\\\/\\\/www.green-ivf.de\\\/wp-content\\\/uploads\\\/2024\\\/11\\\/cropped-Green-ivf-Grevenbroicher-Endokrinologie-ivf-Zentrum-fav.png\",\"contentUrl\":\"https:\\\/\\\/www.green-ivf.de\\\/wp-content\\\/uploads\\\/2024\\\/11\\\/cropped-Green-ivf-Grevenbroicher-Endokrinologie-ivf-Zentrum-fav.png\",\"width\":512,\"height\":512,\"caption\":\"Greevenbroicher Endokrinologie- & IVF-Zentrum\"},\"image\":{\"@id\":\"https:\\\/\\\/www.green-ivf.de\\\/tr\\\/#\\\/schema\\\/logo\\\/image\\\/\"}}]}<\/script>\n<!-- \/ Yoast SEO plugin. -->","yoast_head_json":{"title":"G\u00fcncel | green-ivf | Kinderwunsch-Zentrum in NRW","description":"T\u00fcp bebek klini\u011fimizden haberler: Tedaviler, ara\u015ft\u0131rmalar ve randevular hakk\u0131nda bilgiler \u2013 \u00fcreme t\u0131bb\u0131 hakk\u0131nda her zaman g\u00fcncel bilgiler.","robots":{"index":"index","follow":"follow","max-snippet":"max-snippet:-1","max-image-preview":"max-image-preview:large","max-video-preview":"max-video-preview:-1"},"canonical":"https:\/\/www.green-ivf.de\/tr\/klinik\/guencel\/","og_locale":"tr_TR","og_type":"article","og_title":"G\u00fcncel | green-ivf | Kinderwunsch-Zentrum in NRW","og_description":"T\u00fcp bebek klini\u011fimizden haberler: Tedaviler, ara\u015ft\u0131rmalar ve randevular hakk\u0131nda bilgiler \u2013 \u00fcreme t\u0131bb\u0131 hakk\u0131nda her zaman g\u00fcncel bilgiler.","og_url":"https:\/\/www.green-ivf.de\/tr\/klinik\/guencel\/","og_site_name":"green-ivf | Kinderwunsch-Zentrum in NRW","article_modified_time":"2026-04-03T22:12:26+00:00","og_image":[{"width":512,"height":512,"url":"https:\/\/www.green-ivf.de\/wp-content\/uploads\/2025\/04\/cropped-Green-ivf-Grevenbroicher-Endokrinologie-FAV-green-ivf-ab-2025-02.png","type":"image\/png"}],"twitter_card":"summary_large_image","schema":{"@context":"https:\/\/schema.org","@graph":[{"@type":"WebPage","@id":"https:\/\/www.green-ivf.de\/tr\/klinik\/guencel\/","url":"https:\/\/www.green-ivf.de\/tr\/klinik\/guencel\/","name":"G\u00fcncel | green-ivf | Kinderwunsch-Zentrum in NRW","isPartOf":{"@id":"https:\/\/www.green-ivf.de\/tr\/#website"},"primaryImageOfPage":{"@id":"https:\/\/www.green-ivf.de\/tr\/klinik\/guencel\/#primaryimage"},"image":{"@id":"https:\/\/www.green-ivf.de\/tr\/klinik\/guencel\/#primaryimage"},"thumbnailUrl":"https:\/\/www.green-ivf.de\/wp-content\/uploads\/2025\/04\/cropped-Green-ivf-Grevenbroicher-Endokrinologie-FAV-green-ivf-ab-2025-02.png","datePublished":"2024-12-07T12:47:22+00:00","dateModified":"2026-04-03T22:12:26+00:00","description":"T\u00fcp bebek klini\u011fimizden haberler: Tedaviler, ara\u015ft\u0131rmalar ve randevular hakk\u0131nda bilgiler \u2013 \u00fcreme t\u0131bb\u0131 hakk\u0131nda her zaman g\u00fcncel bilgiler.","breadcrumb":{"@id":"https:\/\/www.green-ivf.de\/tr\/klinik\/guencel\/#breadcrumb"},"inLanguage":"tr","potentialAction":[{"@type":"ReadAction","target":["https:\/\/www.green-ivf.de\/tr\/klinik\/guencel\/"]}]},{"@type":"ImageObject","inLanguage":"tr","@id":"https:\/\/www.green-ivf.de\/tr\/klinik\/guencel\/#primaryimage","url":"https:\/\/www.green-ivf.de\/wp-content\/uploads\/2025\/04\/cropped-Green-ivf-Grevenbroicher-Endokrinologie-FAV-green-ivf-ab-2025-02.png","contentUrl":"https:\/\/www.green-ivf.de\/wp-content\/uploads\/2025\/04\/cropped-Green-ivf-Grevenbroicher-Endokrinologie-FAV-green-ivf-ab-2025-02.png","width":512,"height":512,"caption":"Icon favicon Green-Ivf"},{"@type":"BreadcrumbList","@id":"https:\/\/www.green-ivf.de\/tr\/klinik\/guencel\/#breadcrumb","itemListElement":[{"@type":"ListItem","position":1,"name":"Startseite","item":"https:\/\/www.green-ivf.de\/tr\/ana-sayfa\/"},{"@type":"ListItem","position":2,"name":"Klinik","item":"https:\/\/www.green-ivf.de\/tr\/klinik\/"},{"@type":"ListItem","position":3,"name":"G\u00fcncel"}]},{"@type":"WebSite","@id":"https:\/\/www.green-ivf.de\/tr\/#website","url":"https:\/\/www.green-ivf.de\/tr\/","name":"green-ivf | Kinderwunsch-Zentrum in NRW","description":"Praxisklinik f\u00fcr Reproduktionsmedizin und Endokrinologie |","publisher":{"@id":"https:\/\/www.green-ivf.de\/tr\/#organization"},"alternateName":"Kinderwunschzentrum in NRW","potentialAction":[{"@type":"SearchAction","target":{"@type":"EntryPoint","urlTemplate":"https:\/\/www.green-ivf.de\/tr\/?s={search_term_string}"},"query-input":{"@type":"PropertyValueSpecification","valueRequired":true,"valueName":"search_term_string"}}],"inLanguage":"tr"},{"@type":"Organization","@id":"https:\/\/www.green-ivf.de\/tr\/#organization","name":"Greevenbroicher Endokrinologie- & IVF-Zentrum","alternateName":"green-ivf: Praxisklinik f\u00fcr Reproduktionsmedizin und Endokrinologie (BAG)","url":"https:\/\/www.green-ivf.de\/tr\/","logo":{"@type":"ImageObject","inLanguage":"tr","@id":"https:\/\/www.green-ivf.de\/tr\/#\/schema\/logo\/image\/","url":"https:\/\/www.green-ivf.de\/wp-content\/uploads\/2024\/11\/cropped-Green-ivf-Grevenbroicher-Endokrinologie-ivf-Zentrum-fav.png","contentUrl":"https:\/\/www.green-ivf.de\/wp-content\/uploads\/2024\/11\/cropped-Green-ivf-Grevenbroicher-Endokrinologie-ivf-Zentrum-fav.png","width":512,"height":512,"caption":"Greevenbroicher Endokrinologie- & IVF-Zentrum"},"image":{"@id":"https:\/\/www.green-ivf.de\/tr\/#\/schema\/logo\/image\/"}}]}},"_links":{"self":[{"href":"https:\/\/www.green-ivf.de\/tr\/wp-json\/wp\/v2\/pages\/5386","targetHints":{"allow":["GET"]}}],"collection":[{"href":"https:\/\/www.green-ivf.de\/tr\/wp-json\/wp\/v2\/pages"}],"about":[{"href":"https:\/\/www.green-ivf.de\/tr\/wp-json\/wp\/v2\/types\/page"}],"author":[{"embeddable":true,"href":"https:\/\/www.green-ivf.de\/tr\/wp-json\/wp\/v2\/users\/1"}],"replies":[{"embeddable":true,"href":"https:\/\/www.green-ivf.de\/tr\/wp-json\/wp\/v2\/comments?post=5386"}],"version-history":[{"count":0,"href":"https:\/\/www.green-ivf.de\/tr\/wp-json\/wp\/v2\/pages\/5386\/revisions"}],"up":[{"embeddable":true,"href":"https:\/\/www.green-ivf.de\/tr\/wp-json\/wp\/v2\/pages\/5424"}],"wp:featuredmedia":[{"embeddable":true,"href":"https:\/\/www.green-ivf.de\/tr\/wp-json\/wp\/v2\/media\/5387"}],"wp:attachment":[{"href":"https:\/\/www.green-ivf.de\/tr\/wp-json\/wp\/v2\/media?parent=5386"}],"curies":[{"name":"wp","href":"https:\/\/api.w.org\/{rel}","templated":true}]}}